{"id":6541,"date":"2020-02-18T14:03:02","date_gmt":"2020-02-18T14:03:02","guid":{"rendered":"https:\/\/demos.soluspot.com\/egytrafo\/auto-transformers\/"},"modified":"2025-12-23T12:59:59","modified_gmt":"2025-12-23T12:59:59","slug":"autotransformateur-automatique-regule-avec-changeur-de-prises-sous-charge-adat-avr-triphase","status":"publish","type":"page","link":"https:\/\/egytrafo.com\/fr\/autotransformateur-automatique-regule-avec-changeur-de-prises-sous-charge-adat-avr-triphase\/","title":{"rendered":"Autotransformateur automatique r\u00e9gul\u00e9 avec changeur de prises sous charge (ADAT) \u2013 AVR triphas\u00e9"},"content":{"rendered":"\t\t<div data-elementor-type=\"wp-page\" data-elementor-id=\"6541\" class=\"elementor elementor-6541 elementor-393\" data-elementor-post-type=\"page\">\n\t\t\t\t\t\t<section class=\"elementor-section elementor-top-section elementor-element elementor-element-5fbbfe66 elementor-section-stretched elementor-section-boxed elementor-section-height-default elementor-section-height-default\" data-id=\"5fbbfe66\" data-element_type=\"section\" data-e-type=\"section\" data-settings=\"{&quot;stretch_section&quot;:&quot;section-stretched&quot;}\">\n\t\t\t\t\t\t<div class=\"elementor-container elementor-column-gap-no\">\n\t\t\t\t\t<div class=\"elementor-column elementor-col-66 elementor-top-column elementor-element elementor-element-49d7281\" data-id=\"49d7281\" data-element_type=\"column\" data-e-type=\"column\">\n\t\t\t<div class=\"elementor-widget-wrap elementor-element-populated\">\n\t\t\t\t\t\t<section class=\"elementor-section elementor-inner-section elementor-element elementor-element-18582890 elementor-section-boxed elementor-section-height-default elementor-section-height-default\" data-id=\"18582890\" data-element_type=\"section\" data-e-type=\"section\">\n\t\t\t\t\t\t<div class=\"elementor-container elementor-column-gap-no\">\n\t\t\t\t\t<div class=\"elementor-column elementor-col-100 elementor-inner-column elementor-element elementor-element-2de1964a\" data-id=\"2de1964a\" data-element_type=\"column\" data-e-type=\"column\">\n\t\t\t<div class=\"elementor-widget-wrap\">\n\t\t\t\t\t\t\t<\/div>\n\t\t<\/div>\n\t\t\t\t\t<\/div>\n\t\t<\/section>\n\t\t\t\t<section class=\"elementor-section elementor-inner-section elementor-element elementor-element-fe26263 elementor-section-boxed elementor-section-height-default elementor-section-height-default\" data-id=\"fe26263\" data-element_type=\"section\" data-e-type=\"section\">\n\t\t\t\t\t\t<div class=\"elementor-container elementor-column-gap-no\">\n\t\t\t\t\t<div class=\"elementor-column elementor-col-100 elementor-inner-column elementor-element elementor-element-64c5738f\" data-id=\"64c5738f\" data-element_type=\"column\" data-e-type=\"column\">\n\t\t\t<div class=\"elementor-widget-wrap elementor-element-populated\">\n\t\t\t\t\t\t<div class=\"elementor-element elementor-element-7b30b1fc elementor-widget elementor-widget-image\" data-id=\"7b30b1fc\" data-element_type=\"widget\" data-e-type=\"widget\" data-widget_type=\"image.default\">\n\t\t\t\t<div class=\"elementor-widget-container\">\n\t\t\t\t\t\t\t\t\t\t\t\t\t\t\t<img fetchpriority=\"high\" decoding=\"async\" width=\"634\" height=\"638\" src=\"https:\/\/egytrafo.com\/wp-content\/uploads\/2024\/04\/avr-egytrafo-1.png\" class=\"attachment-large size-large wp-image-8245\" alt=\"Automatic Voltage Regulator (AVR)\" srcset=\"https:\/\/egytrafo.com\/wp-content\/uploads\/2024\/04\/avr-egytrafo-1.png 634w, https:\/\/egytrafo.com\/wp-content\/uploads\/2024\/04\/avr-egytrafo-1-298x300.png 298w, https:\/\/egytrafo.com\/wp-content\/uploads\/2024\/04\/avr-egytrafo-1-150x150.png 150w, https:\/\/egytrafo.com\/wp-content\/uploads\/2024\/04\/avr-egytrafo-1-90x90.png 90w\" sizes=\"(max-width: 634px) 100vw, 634px\" \/>\t\t\t\t\t\t\t\t\t\t\t\t\t\t\t<\/div>\n\t\t\t\t<\/div>\n\t\t\t\t\t<\/div>\n\t\t<\/div>\n\t\t\t\t\t<\/div>\n\t\t<\/section>\n\t\t\t\t<section class=\"elementor-section elementor-inner-section elementor-element elementor-element-38951fa9 elementor-section-boxed elementor-section-height-default elementor-section-height-default\" data-id=\"38951fa9\" data-element_type=\"section\" data-e-type=\"section\">\n\t\t\t\t\t\t<div class=\"elementor-container elementor-column-gap-no\">\n\t\t\t\t\t<div class=\"elementor-column elementor-col-100 elementor-inner-column elementor-element elementor-element-54003378\" data-id=\"54003378\" data-element_type=\"column\" data-e-type=\"column\">\n\t\t\t<div class=\"elementor-widget-wrap\">\n\t\t\t\t\t\t\t<\/div>\n\t\t<\/div>\n\t\t\t\t\t<\/div>\n\t\t<\/section>\n\t\t\t\t<section class=\"elementor-section elementor-inner-section elementor-element elementor-element-4d1849d2 elementor-section-boxed elementor-section-height-default elementor-section-height-default\" data-id=\"4d1849d2\" data-element_type=\"section\" data-e-type=\"section\">\n\t\t\t\t\t\t<div class=\"elementor-container elementor-column-gap-no\">\n\t\t\t\t\t<div class=\"elementor-column elementor-col-100 elementor-inner-column elementor-element elementor-element-6d9c7d29\" data-id=\"6d9c7d29\" data-element_type=\"column\" data-e-type=\"column\">\n\t\t\t<div class=\"elementor-widget-wrap\">\n\t\t\t\t\t\t\t<\/div>\n\t\t<\/div>\n\t\t\t\t\t<\/div>\n\t\t<\/section>\n\t\t\t\t<section class=\"elementor-section elementor-inner-section elementor-element elementor-element-4361b33 elementor-section-boxed elementor-section-height-default elementor-section-height-default\" data-id=\"4361b33\" data-element_type=\"section\" data-e-type=\"section\">\n\t\t\t\t\t\t<div class=\"elementor-container elementor-column-gap-no\">\n\t\t\t\t\t<div class=\"elementor-column elementor-col-100 elementor-inner-column elementor-element elementor-element-6294cfda\" data-id=\"6294cfda\" data-element_type=\"column\" data-e-type=\"column\">\n\t\t\t<div class=\"elementor-widget-wrap\">\n\t\t\t\t\t\t\t<\/div>\n\t\t<\/div>\n\t\t\t\t\t<\/div>\n\t\t<\/section>\n\t\t\t\t<section class=\"elementor-section elementor-inner-section elementor-element elementor-element-711dcd72 elementor-section-boxed elementor-section-height-default elementor-section-height-default\" data-id=\"711dcd72\" data-element_type=\"section\" data-e-type=\"section\">\n\t\t\t\t\t\t<div class=\"elementor-container elementor-column-gap-no\">\n\t\t\t\t\t<div class=\"elementor-column elementor-col-100 elementor-inner-column elementor-element elementor-element-6ef239ac\" data-id=\"6ef239ac\" data-element_type=\"column\" data-e-type=\"column\">\n\t\t\t<div class=\"elementor-widget-wrap\">\n\t\t\t\t\t\t\t<\/div>\n\t\t<\/div>\n\t\t\t\t\t<\/div>\n\t\t<\/section>\n\t\t\t\t<section class=\"elementor-section elementor-inner-section elementor-element elementor-element-52046c8 elementor-section-boxed elementor-section-height-default elementor-section-height-default\" data-id=\"52046c8\" data-element_type=\"section\" data-e-type=\"section\">\n\t\t\t\t\t\t<div class=\"elementor-container elementor-column-gap-no\">\n\t\t\t\t\t<div class=\"elementor-column elementor-col-50 elementor-inner-column elementor-element elementor-element-963a7e6\" data-id=\"963a7e6\" data-element_type=\"column\" data-e-type=\"column\" data-settings=\"{&quot;background_background&quot;:&quot;classic&quot;}\">\n\t\t\t<div class=\"elementor-widget-wrap elementor-element-populated\">\n\t\t\t\t\t\t<div class=\"elementor-element elementor-element-d5fcf22 elementor-widget elementor-widget-image\" data-id=\"d5fcf22\" data-element_type=\"widget\" data-e-type=\"widget\" data-widget_type=\"image.default\">\n\t\t\t\t<div class=\"elementor-widget-container\">\n\t\t\t\t\t\t\t\t\t\t\t\t\t\t\t<img decoding=\"async\" width=\"1024\" height=\"442\" src=\"https:\/\/egytrafo.com\/wp-content\/uploads\/2023\/05\/EGYTRAFO-SUPPORT.svg\" class=\"attachment-large size-large wp-image-5534\" alt=\"EGYTRAFO SUPPORT\" \/>\t\t\t\t\t\t\t\t\t\t\t\t\t\t\t<\/div>\n\t\t\t\t<\/div>\n\t\t\t\t\t<\/div>\n\t\t<\/div>\n\t\t\t\t<div class=\"elementor-column elementor-col-50 elementor-inner-column elementor-element elementor-element-7dc64c7\" data-id=\"7dc64c7\" data-element_type=\"column\" data-e-type=\"column\" data-settings=\"{&quot;background_background&quot;:&quot;classic&quot;}\">\n\t\t\t<div class=\"elementor-widget-wrap\">\n\t\t\t\t\t\t\t<\/div>\n\t\t<\/div>\n\t\t\t\t\t<\/div>\n\t\t<\/section>\n\t\t\t\t\t<\/div>\n\t\t<\/div>\n\t\t\t\t<div class=\"elementor-column elementor-col-33 elementor-top-column elementor-element elementor-element-56777b5f\" data-id=\"56777b5f\" data-element_type=\"column\" data-e-type=\"column\">\n\t\t\t<div class=\"elementor-widget-wrap elementor-element-populated\">\n\t\t\t\t\t\t<section class=\"elementor-section elementor-inner-section elementor-element elementor-element-5a849fc elementor-section-boxed elementor-section-height-default elementor-section-height-default\" data-id=\"5a849fc\" data-element_type=\"section\" data-e-type=\"section\">\n\t\t\t\t\t\t<div class=\"elementor-container elementor-column-gap-no\">\n\t\t\t\t\t<div class=\"elementor-column elementor-col-100 elementor-inner-column elementor-element elementor-element-f166715\" data-id=\"f166715\" data-element_type=\"column\" data-e-type=\"column\">\n\t\t\t<div class=\"elementor-widget-wrap\">\n\t\t\t\t\t\t\t<\/div>\n\t\t<\/div>\n\t\t\t\t\t<\/div>\n\t\t<\/section>\n\t\t\t\t<section class=\"elementor-section elementor-inner-section elementor-element elementor-element-791682c elementor-section-boxed elementor-section-height-default elementor-section-height-default\" data-id=\"791682c\" data-element_type=\"section\" data-e-type=\"section\">\n\t\t\t\t\t\t<div class=\"elementor-container elementor-column-gap-default\">\n\t\t\t\t\t<div class=\"elementor-column elementor-col-100 elementor-inner-column elementor-element elementor-element-d949549\" data-id=\"d949549\" data-element_type=\"column\" data-e-type=\"column\" data-settings=\"{&quot;background_background&quot;:&quot;classic&quot;}\">\n\t\t\t<div class=\"elementor-widget-wrap elementor-element-populated\">\n\t\t\t\t\t\t<div class=\"elementor-element elementor-element-5be4cff elementor-widget elementor-widget-heading\" data-id=\"5be4cff\" data-element_type=\"widget\" data-e-type=\"widget\" data-widget_type=\"heading.default\">\n\t\t\t\t<div class=\"elementor-widget-container\">\n\t\t\t\t\t<h2 class=\"elementor-heading-title elementor-size-default\"><a href=\"mailto:info@egytrafo.com\">info@egytrafo.com<\/a><\/h2>\t\t\t\t<\/div>\n\t\t\t\t<\/div>\n\t\t\t\t\t<\/div>\n\t\t<\/div>\n\t\t\t\t\t<\/div>\n\t\t<\/section>\n\t\t\t\t\t<\/div>\n\t\t<\/div>\n\t\t\t\t\t<\/div>\n\t\t<\/section>\n\t\t\t\t<\/div>\n\t\t","protected":false},"excerpt":{"rendered":"<p>Autotransformateur automatique r\u00e9gul\u00e9 avec changeur de prises sous charge (ADAT) \u2013 AVR triphas\u00e9 Le r\u00e9gulateur de tension automatique (AVR), \u00e9galement appel\u00e9 commutateur de prises sous charge, est utilis\u00e9 pour compenser la chute de tension dans le r\u00e9seau \u00e9lectrique. Son r\u00f4le est de s\u2019assurer que les clients situ\u00e9s \u00e0 l\u2019extr\u00e9mit\u00e9 de [&hellip;]<\/p>\n","protected":false},"author":6,"featured_media":0,"parent":0,"menu_order":0,"comment_status":"closed","ping_status":"closed","template":"elementor_header_footer","meta":{"footnotes":""},"class_list":["post-6541","page","type-page","status-publish","hentry"],"yoast_head":"<!-- This site is optimized with the Yoast SEO plugin v27.1.1 - https:\/\/yoast.com\/product\/yoast-seo-wordpress\/ -->\n<title>Autotransformateur automatique r\u00e9gul\u00e9 avec changeur de prises sous charge (ADAT) \u2013 AVR triphas\u00e9 - EGYTRAFO - Different Power Vision!<\/title>\n<meta name=\"description\" content=\"Autotransformateur automatique r\u00e9gul\u00e9 avec changeur de prises sous charge (ADAT) \u2013 AVR triphas\u00e9\" \/>\n<meta name=\"robots\" content=\"index, follow, max-snippet:-1, max-image-preview:large, max-video-preview:-1\" \/>\n<link rel=\"canonical\" href=\"https:\/\/egytrafo.com\/fr\/autotransformateur-automatique-regule-avec-changeur-de-prises-sous-charge-adat-avr-triphase\/\" \/>\n<meta property=\"og:locale\" content=\"fr_FR\" \/>\n<meta property=\"og:type\" content=\"article\" \/>\n<meta property=\"og:title\" content=\"Autotransformateur automatique r\u00e9gul\u00e9 avec changeur de prises sous charge (ADAT) \u2013 AVR triphas\u00e9 - EGYTRAFO - Different Power Vision!\" \/>\n<meta property=\"og:description\" content=\"Autotransformateur automatique r\u00e9gul\u00e9 avec changeur de prises sous charge (ADAT) \u2013 AVR triphas\u00e9\" \/>\n<meta property=\"og:url\" content=\"https:\/\/egytrafo.com\/fr\/autotransformateur-automatique-regule-avec-changeur-de-prises-sous-charge-adat-avr-triphase\/\" \/>\n<meta property=\"og:site_name\" content=\"EGYTRAFO - Different Power Vision!\" \/>\n<meta property=\"article:modified_time\" content=\"2025-12-23T12:59:59+00:00\" \/>\n<meta property=\"og:image\" content=\"https:\/\/egytrafo.com\/wp-content\/uploads\/2024\/04\/avr-egytrafo-1.png\" \/>\n\t<meta property=\"og:image:width\" content=\"634\" \/>\n\t<meta property=\"og:image:height\" content=\"638\" \/>\n\t<meta property=\"og:image:type\" content=\"image\/png\" \/>\n<meta name=\"twitter:card\" content=\"summary_large_image\" \/>\n<meta name=\"twitter:label1\" content=\"Dur\u00e9e de lecture estim\u00e9e\" \/>\n\t<meta name=\"twitter:data1\" content=\"4 minutes\" \/>\n<script type=\"application\/ld+json\" class=\"yoast-schema-graph\">{\"@context\":\"https:\/\/schema.org\",\"@graph\":[{\"@type\":\"WebPage\",\"@id\":\"https:\/\/egytrafo.com\/fr\/autotransformateur-automatique-regule-avec-changeur-de-prises-sous-charge-adat-avr-triphase\/\",\"url\":\"https:\/\/egytrafo.com\/fr\/autotransformateur-automatique-regule-avec-changeur-de-prises-sous-charge-adat-avr-triphase\/\",\"name\":\"Autotransformateur automatique r\u00e9gul\u00e9 avec changeur de prises sous charge (ADAT) \u2013 AVR triphas\u00e9 - EGYTRAFO - Different Power Vision!\",\"isPartOf\":{\"@id\":\"https:\/\/egytrafo.com\/#website\"},\"primaryImageOfPage\":{\"@id\":\"https:\/\/egytrafo.com\/fr\/autotransformateur-automatique-regule-avec-changeur-de-prises-sous-charge-adat-avr-triphase\/#primaryimage\"},\"image\":{\"@id\":\"https:\/\/egytrafo.com\/fr\/autotransformateur-automatique-regule-avec-changeur-de-prises-sous-charge-adat-avr-triphase\/#primaryimage\"},\"thumbnailUrl\":\"https:\/\/egytrafo.com\/wp-content\/uploads\/2024\/04\/avr-egytrafo-1.png\",\"datePublished\":\"2020-02-18T14:03:02+00:00\",\"dateModified\":\"2025-12-23T12:59:59+00:00\",\"description\":\"Autotransformateur automatique r\u00e9gul\u00e9 avec changeur de prises sous charge (ADAT) \u2013 AVR triphas\u00e9\",\"breadcrumb\":{\"@id\":\"https:\/\/egytrafo.com\/fr\/autotransformateur-automatique-regule-avec-changeur-de-prises-sous-charge-adat-avr-triphase\/#breadcrumb\"},\"inLanguage\":\"fr-FR\",\"potentialAction\":[{\"@type\":\"ReadAction\",\"target\":[\"https:\/\/egytrafo.com\/fr\/autotransformateur-automatique-regule-avec-changeur-de-prises-sous-charge-adat-avr-triphase\/\"]}]},{\"@type\":\"ImageObject\",\"inLanguage\":\"fr-FR\",\"@id\":\"https:\/\/egytrafo.com\/fr\/autotransformateur-automatique-regule-avec-changeur-de-prises-sous-charge-adat-avr-triphase\/#primaryimage\",\"url\":\"https:\/\/egytrafo.com\/wp-content\/uploads\/2024\/04\/avr-egytrafo-1.png\",\"contentUrl\":\"https:\/\/egytrafo.com\/wp-content\/uploads\/2024\/04\/avr-egytrafo-1.png\"},{\"@type\":\"BreadcrumbList\",\"@id\":\"https:\/\/egytrafo.com\/fr\/autotransformateur-automatique-regule-avec-changeur-de-prises-sous-charge-adat-avr-triphase\/#breadcrumb\",\"itemListElement\":[{\"@type\":\"ListItem\",\"position\":1,\"name\":\"Home\",\"item\":\"https:\/\/egytrafo.com\/fr\/\"},{\"@type\":\"ListItem\",\"position\":2,\"name\":\"Autotransformateur automatique r\u00e9gul\u00e9 avec changeur de prises sous charge (ADAT) \u2013 AVR triphas\u00e9\"}]},{\"@type\":\"WebSite\",\"@id\":\"https:\/\/egytrafo.com\/#website\",\"url\":\"https:\/\/egytrafo.com\/\",\"name\":\"EGYTRAFO - Different Power Vision!\",\"description\":\"Different Power Vision!\",\"potentialAction\":[{\"@type\":\"SearchAction\",\"target\":{\"@type\":\"EntryPoint\",\"urlTemplate\":\"https:\/\/egytrafo.com\/?s={search_term_string}\"},\"query-input\":{\"@type\":\"PropertyValueSpecification\",\"valueRequired\":true,\"valueName\":\"search_term_string\"}}],\"inLanguage\":\"fr-FR\"}]}<\/script>\n<!-- \/ Yoast SEO plugin. -->","yoast_head_json":{"title":"Autotransformateur automatique r\u00e9gul\u00e9 avec changeur de prises sous charge (ADAT) \u2013 AVR triphas\u00e9 - EGYTRAFO - Different Power Vision!","description":"Autotransformateur automatique r\u00e9gul\u00e9 avec changeur de prises sous charge (ADAT) \u2013 AVR triphas\u00e9","robots":{"index":"index","follow":"follow","max-snippet":"max-snippet:-1","max-image-preview":"max-image-preview:large","max-video-preview":"max-video-preview:-1"},"canonical":"https:\/\/egytrafo.com\/fr\/autotransformateur-automatique-regule-avec-changeur-de-prises-sous-charge-adat-avr-triphase\/","og_locale":"fr_FR","og_type":"article","og_title":"Autotransformateur automatique r\u00e9gul\u00e9 avec changeur de prises sous charge (ADAT) \u2013 AVR triphas\u00e9 - EGYTRAFO - Different Power Vision!","og_description":"Autotransformateur automatique r\u00e9gul\u00e9 avec changeur de prises sous charge (ADAT) \u2013 AVR triphas\u00e9","og_url":"https:\/\/egytrafo.com\/fr\/autotransformateur-automatique-regule-avec-changeur-de-prises-sous-charge-adat-avr-triphase\/","og_site_name":"EGYTRAFO - Different Power Vision!","article_modified_time":"2025-12-23T12:59:59+00:00","og_image":[{"width":634,"height":638,"url":"https:\/\/egytrafo.com\/wp-content\/uploads\/2024\/04\/avr-egytrafo-1.png","type":"image\/png"}],"twitter_card":"summary_large_image","twitter_misc":{"Dur\u00e9e de lecture estim\u00e9e":"4 minutes"},"schema":{"@context":"https:\/\/schema.org","@graph":[{"@type":"WebPage","@id":"https:\/\/egytrafo.com\/fr\/autotransformateur-automatique-regule-avec-changeur-de-prises-sous-charge-adat-avr-triphase\/","url":"https:\/\/egytrafo.com\/fr\/autotransformateur-automatique-regule-avec-changeur-de-prises-sous-charge-adat-avr-triphase\/","name":"Autotransformateur automatique r\u00e9gul\u00e9 avec changeur de prises sous charge (ADAT) \u2013 AVR triphas\u00e9 - EGYTRAFO - Different Power Vision!","isPartOf":{"@id":"https:\/\/egytrafo.com\/#website"},"primaryImageOfPage":{"@id":"https:\/\/egytrafo.com\/fr\/autotransformateur-automatique-regule-avec-changeur-de-prises-sous-charge-adat-avr-triphase\/#primaryimage"},"image":{"@id":"https:\/\/egytrafo.com\/fr\/autotransformateur-automatique-regule-avec-changeur-de-prises-sous-charge-adat-avr-triphase\/#primaryimage"},"thumbnailUrl":"https:\/\/egytrafo.com\/wp-content\/uploads\/2024\/04\/avr-egytrafo-1.png","datePublished":"2020-02-18T14:03:02+00:00","dateModified":"2025-12-23T12:59:59+00:00","description":"Autotransformateur automatique r\u00e9gul\u00e9 avec changeur de prises sous charge (ADAT) \u2013 AVR triphas\u00e9","breadcrumb":{"@id":"https:\/\/egytrafo.com\/fr\/autotransformateur-automatique-regule-avec-changeur-de-prises-sous-charge-adat-avr-triphase\/#breadcrumb"},"inLanguage":"fr-FR","potentialAction":[{"@type":"ReadAction","target":["https:\/\/egytrafo.com\/fr\/autotransformateur-automatique-regule-avec-changeur-de-prises-sous-charge-adat-avr-triphase\/"]}]},{"@type":"ImageObject","inLanguage":"fr-FR","@id":"https:\/\/egytrafo.com\/fr\/autotransformateur-automatique-regule-avec-changeur-de-prises-sous-charge-adat-avr-triphase\/#primaryimage","url":"https:\/\/egytrafo.com\/wp-content\/uploads\/2024\/04\/avr-egytrafo-1.png","contentUrl":"https:\/\/egytrafo.com\/wp-content\/uploads\/2024\/04\/avr-egytrafo-1.png"},{"@type":"BreadcrumbList","@id":"https:\/\/egytrafo.com\/fr\/autotransformateur-automatique-regule-avec-changeur-de-prises-sous-charge-adat-avr-triphase\/#breadcrumb","itemListElement":[{"@type":"ListItem","position":1,"name":"Home","item":"https:\/\/egytrafo.com\/fr\/"},{"@type":"ListItem","position":2,"name":"Autotransformateur automatique r\u00e9gul\u00e9 avec changeur de prises sous charge (ADAT) \u2013 AVR triphas\u00e9"}]},{"@type":"WebSite","@id":"https:\/\/egytrafo.com\/#website","url":"https:\/\/egytrafo.com\/","name":"EGYTRAFO - Different Power Vision!","description":"Different Power Vision!","potentialAction":[{"@type":"SearchAction","target":{"@type":"EntryPoint","urlTemplate":"https:\/\/egytrafo.com\/?s={search_term_string}"},"query-input":{"@type":"PropertyValueSpecification","valueRequired":true,"valueName":"search_term_string"}}],"inLanguage":"fr-FR"}]}},"_links":{"self":[{"href":"https:\/\/egytrafo.com\/fr\/wp-json\/wp\/v2\/pages\/6541","targetHints":{"allow":["GET"]}}],"collection":[{"href":"https:\/\/egytrafo.com\/fr\/wp-json\/wp\/v2\/pages"}],"about":[{"href":"https:\/\/egytrafo.com\/fr\/wp-json\/wp\/v2\/types\/page"}],"author":[{"embeddable":true,"href":"https:\/\/egytrafo.com\/fr\/wp-json\/wp\/v2\/users\/6"}],"replies":[{"embeddable":true,"href":"https:\/\/egytrafo.com\/fr\/wp-json\/wp\/v2\/comments?post=6541"}],"version-history":[{"count":46,"href":"https:\/\/egytrafo.com\/fr\/wp-json\/wp\/v2\/pages\/6541\/revisions"}],"predecessor-version":[{"id":12518,"href":"https:\/\/egytrafo.com\/fr\/wp-json\/wp\/v2\/pages\/6541\/revisions\/12518"}],"wp:attachment":[{"href":"https:\/\/egytrafo.com\/fr\/wp-json\/wp\/v2\/media?parent=6541"}],"curies":[{"name":"wp","href":"https:\/\/api.w.org\/{rel}","templated":true}]}}