{"id":6555,"date":"2020-02-17T14:59:59","date_gmt":"2020-02-17T14:59:59","guid":{"rendered":"https:\/\/demos.soluspot.com\/egytrafo\/about-egytrafo\/"},"modified":"2025-03-16T11:50:18","modified_gmt":"2025-03-16T11:50:18","slug":"about-egytrafo","status":"publish","type":"page","link":"https:\/\/egytrafo.com\/fr\/about-egytrafo\/","title":{"rendered":"EGYTRAFO"},"content":{"rendered":"\t\t<div data-elementor-type=\"wp-page\" data-elementor-id=\"6555\" class=\"elementor elementor-6555 elementor-161\" data-elementor-post-type=\"page\">\n\t\t\t\t\t\t<section class=\"elementor-section elementor-top-section elementor-element elementor-element-31e82332 elementor-section-stretched elementor-section-boxed elementor-section-height-default elementor-section-height-default\" data-id=\"31e82332\" data-element_type=\"section\" data-e-type=\"section\" data-settings=\"{&quot;stretch_section&quot;:&quot;section-stretched&quot;,&quot;background_background&quot;:&quot;classic&quot;}\">\n\t\t\t\t\t\t\t<div class=\"elementor-background-overlay\"><\/div>\n\t\t\t\t\t\t\t<div class=\"elementor-container elementor-column-gap-no\">\n\t\t\t\t\t<div class=\"elementor-column elementor-col-100 elementor-top-column elementor-element elementor-element-798f6e0f\" data-id=\"798f6e0f\" data-element_type=\"column\" data-e-type=\"column\">\n\t\t\t<div class=\"elementor-widget-wrap elementor-element-populated\">\n\t\t\t\t\t\t<section class=\"elementor-section elementor-inner-section elementor-element elementor-element-cad6a7e elementor-section-boxed elementor-section-height-default elementor-section-height-default\" data-id=\"cad6a7e\" data-element_type=\"section\" data-e-type=\"section\">\n\t\t\t\t\t\t<div class=\"elementor-container elementor-column-gap-no\">\n\t\t\t\t\t<div class=\"elementor-column elementor-col-50 elementor-inner-column elementor-element elementor-element-3cdb63c\" data-id=\"3cdb63c\" data-element_type=\"column\" data-e-type=\"column\">\n\t\t\t<div class=\"elementor-widget-wrap elementor-element-populated\">\n\t\t\t\t\t\t<div class=\"elementor-element elementor-element-d2f9f07 elementor-widget elementor-widget-heading\" data-id=\"d2f9f07\" data-element_type=\"widget\" data-e-type=\"widget\" data-widget_type=\"heading.default\">\n\t\t\t\t<div class=\"elementor-widget-container\">\n\t\t\t\t\t<h2 class=\"elementor-heading-title elementor-size-default\">Notre vision<\/h2>\t\t\t\t<\/div>\n\t\t\t\t<\/div>\n\t\t\t\t<div class=\"elementor-element elementor-element-a5c73f4 elementor-widget elementor-widget-text-editor\" data-id=\"a5c73f4\" data-element_type=\"widget\" data-e-type=\"widget\" data-widget_type=\"text-editor.default\">\n\t\t\t\t<div class=\"elementor-widget-container\">\n\t\t\t\t\t\t\t\t\t\u00catre ax\u00e9 sur le client en proposant des produits\/services de haute qualit\u00e9 et fiables \u00e0 des prix comp\u00e9titifs et une livraison dans les d\u00e9lais impartis.\t\t\t\t\t\t\t\t<\/div>\n\t\t\t\t<\/div>\n\t\t\t\t<div class=\"elementor-element elementor-element-8a1659f elementor-widget elementor-widget-heading\" data-id=\"8a1659f\" data-element_type=\"widget\" data-e-type=\"widget\" data-widget_type=\"heading.default\">\n\t\t\t\t<div class=\"elementor-widget-container\">\n\t\t\t\t\t<h2 class=\"elementor-heading-title elementor-size-default\">Notre mission<\/h2>\t\t\t\t<\/div>\n\t\t\t\t<\/div>\n\t\t\t\t<div class=\"elementor-element elementor-element-6942be8 elementor-widget elementor-widget-text-editor\" data-id=\"6942be8\" data-element_type=\"widget\" data-e-type=\"widget\" data-widget_type=\"text-editor.default\">\n\t\t\t\t<div class=\"elementor-widget-container\">\n\t\t\t\t\t\t\t\t\t\u00catre leader sur le march\u00e9 de la fabrication de transformateurs et de batteries au nickel-cadmium, ainsi que de fournir des services localement et \u00e0 l&rsquo;\u00e9chelle mondiale.\t\t\t\t\t\t\t\t<\/div>\n\t\t\t\t<\/div>\n\t\t\t\t<div class=\"elementor-element elementor-element-c15cd24 elementor-widget elementor-widget-heading\" data-id=\"c15cd24\" data-element_type=\"widget\" data-e-type=\"widget\" data-widget_type=\"heading.default\">\n\t\t\t\t<div class=\"elementor-widget-container\">\n\t\t\t\t\t<h2 class=\"elementor-heading-title elementor-size-default\">Nos objectifs<\/h2>\t\t\t\t<\/div>\n\t\t\t\t<\/div>\n\t\t\t\t<div class=\"elementor-element elementor-element-82a8145 elementor-widget elementor-widget-text-editor\" data-id=\"82a8145\" data-element_type=\"widget\" data-e-type=\"widget\" data-widget_type=\"text-editor.default\">\n\t\t\t\t<div class=\"elementor-widget-container\">\n\t\t\t\t\t\t\t\t\tMaintenir une am\u00e9lioration continue de nos activit\u00e9s et de nos proc\u00e9dures de fabrication en mettant l&rsquo;accent sur le d\u00e9veloppement constant du personnel et en tenant compte de la sant\u00e9 et de la s\u00e9curit\u00e9 op\u00e9rationnelle \u00e0 toutes les \u00e9tapes.\t\t\t\t\t\t\t\t<\/div>\n\t\t\t\t<\/div>\n\t\t\t\t<div class=\"elementor-element elementor-element-87e07f8 elementor-widget elementor-widget-heading\" data-id=\"87e07f8\" data-element_type=\"widget\" data-e-type=\"widget\" data-widget_type=\"heading.default\">\n\t\t\t\t<div class=\"elementor-widget-container\">\n\t\t\t\t\t<h2 class=\"elementor-heading-title elementor-size-default\">Valeurs fondamentales<\/h2>\t\t\t\t<\/div>\n\t\t\t\t<\/div>\n\t\t\t\t\t<\/div>\n\t\t<\/div>\n\t\t\t\t<div class=\"elementor-column elementor-col-50 elementor-inner-column elementor-element elementor-element-a737175\" data-id=\"a737175\" data-element_type=\"column\" data-e-type=\"column\">\n\t\t\t<div class=\"elementor-widget-wrap elementor-element-populated\">\n\t\t\t\t\t\t<div class=\"elementor-element elementor-element-598ccba elementor-widget elementor-widget-image\" data-id=\"598ccba\" data-element_type=\"widget\" data-e-type=\"widget\" data-widget_type=\"image.default\">\n\t\t\t\t<div class=\"elementor-widget-container\">\n\t\t\t\t\t\t\t\t\t\t\t\t\t\t\t<img fetchpriority=\"high\" decoding=\"async\" width=\"707\" height=\"819\" src=\"https:\/\/egytrafo.com\/wp-content\/uploads\/2023\/06\/about-US-e1738576045954.jpg\" class=\"attachment-full size-full wp-image-6870\" alt=\"The founders\" \/>\t\t\t\t\t\t\t\t\t\t\t\t\t\t\t<\/div>\n\t\t\t\t<\/div>\n\t\t\t\t<div class=\"elementor-element elementor-element-514374d elementor-align-center elementor-widget elementor-widget-button\" data-id=\"514374d\" data-element_type=\"widget\" data-e-type=\"widget\" data-widget_type=\"button.default\">\n\t\t\t\t<div class=\"elementor-widget-container\">\n\t\t\t\t\t\t\t\t\t<div class=\"elementor-button-wrapper\">\n\t\t\t\t\t<a class=\"elementor-button elementor-button-link elementor-size-sm\" href=\"https:\/\/egytrafo.com\/fr\/egytrafo-group-f\/\">\n\t\t\t\t\t\t<span class=\"elementor-button-content-wrapper\">\n\t\t\t\t\t\t\t\t\t<span class=\"elementor-button-text\">Profil de l'entreprise<\/span>\n\t\t\t\t\t<\/span>\n\t\t\t\t\t<\/a>\n\t\t\t\t<\/div>\n\t\t\t\t\t\t\t\t<\/div>\n\t\t\t\t<\/div>\n\t\t\t\t\t<\/div>\n\t\t<\/div>\n\t\t\t\t\t<\/div>\n\t\t<\/section>\n\t\t\t\t\t<\/div>\n\t\t<\/div>\n\t\t\t\t\t<\/div>\n\t\t<\/section>\n\t\t\t\t<section class=\"elementor-section elementor-top-section elementor-element elementor-element-6024e7bb elementor-section-stretched elementor-section-boxed elementor-section-height-default elementor-section-height-default\" data-id=\"6024e7bb\" data-element_type=\"section\" data-e-type=\"section\" data-settings=\"{&quot;stretch_section&quot;:&quot;section-stretched&quot;,&quot;background_background&quot;:&quot;classic&quot;}\">\n\t\t\t\t\t\t<div class=\"elementor-container elementor-column-gap-no\">\n\t\t\t\t\t<div class=\"elementor-column elementor-col-100 elementor-top-column elementor-element elementor-element-54a868a9\" data-id=\"54a868a9\" data-element_type=\"column\" data-e-type=\"column\">\n\t\t\t<div class=\"elementor-widget-wrap elementor-element-populated\">\n\t\t\t\t\t\t<section class=\"elementor-section elementor-inner-section elementor-element elementor-element-10eb5f79 elementor-section-boxed elementor-section-height-default elementor-section-height-default\" data-id=\"10eb5f79\" data-element_type=\"section\" data-e-type=\"section\" data-settings=\"{&quot;background_background&quot;:&quot;classic&quot;}\">\n\t\t\t\t\t\t<div class=\"elementor-container elementor-column-gap-no\">\n\t\t\t\t\t<div class=\"elementor-column elementor-col-50 elementor-inner-column elementor-element elementor-element-255e55e8\" data-id=\"255e55e8\" data-element_type=\"column\" data-e-type=\"column\">\n\t\t\t<div class=\"elementor-widget-wrap\">\n\t\t\t\t\t\t\t<\/div>\n\t\t<\/div>\n\t\t\t\t<div class=\"elementor-column elementor-col-50 elementor-inner-column elementor-element elementor-element-4b8c7064\" data-id=\"4b8c7064\" data-element_type=\"column\" data-e-type=\"column\">\n\t\t\t<div class=\"elementor-widget-wrap elementor-element-populated\">\n\t\t\t\t\t\t<div class=\"elementor-element elementor-element-7f4eb7b0 elementor-widget elementor-widget-text-editor\" data-id=\"7f4eb7b0\" data-element_type=\"widget\" data-e-type=\"widget\" data-widget_type=\"text-editor.default\">\n\t\t\t\t<div class=\"elementor-widget-container\">\n\t\t\t\t\t\t\t\t\tAdoptant une approche strat\u00e9gique bas\u00e9e sur les donn\u00e9es et la recherche, nos solutions d&rsquo;ing\u00e9nierie visent \u00e0 transformer votre secteur de mani\u00e8re rentable et efficace ; nous faisons progresser votre entreprise.\t\t\t\t\t\t\t\t<\/div>\n\t\t\t\t<\/div>\n\t\t\t\t\t<\/div>\n\t\t<\/div>\n\t\t\t\t\t<\/div>\n\t\t<\/section>\n\t\t\t\t<div class=\"elementor-element elementor-element-8a5ee75 elementor-widget elementor-widget-image\" data-id=\"8a5ee75\" data-element_type=\"widget\" data-e-type=\"widget\" data-widget_type=\"image.default\">\n\t\t\t\t<div class=\"elementor-widget-container\">\n\t\t\t\t\t\t\t\t\t\t\t\t\t\t\t<img decoding=\"async\" width=\"2560\" height=\"1757\" src=\"https:\/\/egytrafo.com\/wp-content\/uploads\/2023\/05\/ezgif_optimized.com-gif-maker-scaled.webp\" class=\"attachment-full size-full wp-image-5614\" alt=\"EGYTEAFO Organization Chart\" srcset=\"https:\/\/egytrafo.com\/wp-content\/uploads\/2023\/05\/ezgif_optimized.com-gif-maker-scaled.webp 2560w, https:\/\/egytrafo.com\/wp-content\/uploads\/2023\/05\/ezgif_optimized.com-gif-maker-300x206.webp 300w, https:\/\/egytrafo.com\/wp-content\/uploads\/2023\/05\/ezgif_optimized.com-gif-maker-1024x703.webp 1024w, https:\/\/egytrafo.com\/wp-content\/uploads\/2023\/05\/ezgif_optimized.com-gif-maker-768x527.webp 768w, https:\/\/egytrafo.com\/wp-content\/uploads\/2023\/05\/ezgif_optimized.com-gif-maker-1536x1054.webp 1536w, https:\/\/egytrafo.com\/wp-content\/uploads\/2023\/05\/ezgif_optimized.com-gif-maker-2048x1406.webp 2048w, https:\/\/egytrafo.com\/wp-content\/uploads\/2023\/05\/ezgif_optimized.com-gif-maker-100x70.webp 100w, https:\/\/egytrafo.com\/wp-content\/uploads\/2023\/05\/ezgif_optimized.com-gif-maker-500x344.webp 500w\" sizes=\"(max-width: 2560px) 100vw, 2560px\" \/>\t\t\t\t\t\t\t\t\t\t\t\t\t\t\t<\/div>\n\t\t\t\t<\/div>\n\t\t\t\t\t<\/div>\n\t\t<\/div>\n\t\t\t\t\t<\/div>\n\t\t<\/section>\n\t\t\t\t<\/div>\n\t\t","protected":false},"excerpt":{"rendered":"<p>\u00c0 propos de notre entreprise Un engagement profond envers le code de conduite EGYTRAFO est hautement engag\u00e9 envers les normes \u00e9thiques et nous veillons \u00e0 leur respect. Nous avons une tol\u00e9rance z\u00e9ro pour tout acte non \u00e9thique. Notre code de conduite est largement communiqu\u00e9 \u00e0 tous les employ\u00e9s \u00e0 tous [&hellip;]<\/p>\n","protected":false},"author":6,"featured_media":0,"parent":0,"menu_order":0,"comment_status":"closed","ping_status":"closed","template":"elementor_header_footer","meta":{"footnotes":""},"class_list":["post-6555","page","type-page","status-publish","hentry"],"yoast_head":"<!-- This site is optimized with the Yoast SEO plugin v27.1.1 - https:\/\/yoast.com\/product\/yoast-seo-wordpress\/ -->\n<title>EGYTRAFO - EGYTRAFO - Different Power Vision!<\/title>\n<meta name=\"robots\" content=\"index, follow, max-snippet:-1, max-image-preview:large, max-video-preview:-1\" \/>\n<link rel=\"canonical\" href=\"https:\/\/egytrafo.com\/fr\/about-egytrafo\/\" \/>\n<meta property=\"og:locale\" content=\"fr_FR\" \/>\n<meta property=\"og:type\" content=\"article\" \/>\n<meta property=\"og:title\" content=\"EGYTRAFO - EGYTRAFO - Different Power Vision!\" \/>\n<meta property=\"og:description\" content=\"\u00c0 propos de notre entreprise Un engagement profond envers le code de conduite EGYTRAFO est hautement engag\u00e9 envers les normes \u00e9thiques et nous veillons \u00e0 leur respect. Nous avons une tol\u00e9rance z\u00e9ro pour tout acte non \u00e9thique. Notre code de conduite est largement communiqu\u00e9 \u00e0 tous les employ\u00e9s \u00e0 tous [&hellip;]\" \/>\n<meta property=\"og:url\" content=\"https:\/\/egytrafo.com\/fr\/about-egytrafo\/\" \/>\n<meta property=\"og:site_name\" content=\"EGYTRAFO - Different Power Vision!\" \/>\n<meta property=\"article:modified_time\" content=\"2025-03-16T11:50:18+00:00\" \/>\n<meta property=\"og:image\" content=\"https:\/\/egytrafo.com\/wp-content\/uploads\/2023\/06\/about-US-e1738576045954.jpg\" \/>\n\t<meta property=\"og:image:width\" content=\"707\" \/>\n\t<meta property=\"og:image:height\" content=\"819\" \/>\n\t<meta property=\"og:image:type\" content=\"image\/jpeg\" \/>\n<meta name=\"twitter:card\" content=\"summary_large_image\" \/>\n<meta name=\"twitter:label1\" content=\"Dur\u00e9e de lecture estim\u00e9e\" \/>\n\t<meta name=\"twitter:data1\" content=\"3 minutes\" \/>\n<script type=\"application\/ld+json\" class=\"yoast-schema-graph\">{\"@context\":\"https:\/\/schema.org\",\"@graph\":[{\"@type\":\"WebPage\",\"@id\":\"https:\/\/egytrafo.com\/fr\/about-egytrafo\/\",\"url\":\"https:\/\/egytrafo.com\/fr\/about-egytrafo\/\",\"name\":\"EGYTRAFO - EGYTRAFO - Different Power Vision!\",\"isPartOf\":{\"@id\":\"https:\/\/egytrafo.com\/#website\"},\"primaryImageOfPage\":{\"@id\":\"https:\/\/egytrafo.com\/fr\/about-egytrafo\/#primaryimage\"},\"image\":{\"@id\":\"https:\/\/egytrafo.com\/fr\/about-egytrafo\/#primaryimage\"},\"thumbnailUrl\":\"https:\/\/egytrafo.com\/wp-content\/uploads\/2023\/06\/about-US-e1738576045954.jpg\",\"datePublished\":\"2020-02-17T14:59:59+00:00\",\"dateModified\":\"2025-03-16T11:50:18+00:00\",\"breadcrumb\":{\"@id\":\"https:\/\/egytrafo.com\/fr\/about-egytrafo\/#breadcrumb\"},\"inLanguage\":\"fr-FR\",\"potentialAction\":[{\"@type\":\"ReadAction\",\"target\":[\"https:\/\/egytrafo.com\/fr\/about-egytrafo\/\"]}]},{\"@type\":\"ImageObject\",\"inLanguage\":\"fr-FR\",\"@id\":\"https:\/\/egytrafo.com\/fr\/about-egytrafo\/#primaryimage\",\"url\":\"https:\/\/egytrafo.com\/wp-content\/uploads\/2023\/06\/about-US-e1738576045954.jpg\",\"contentUrl\":\"https:\/\/egytrafo.com\/wp-content\/uploads\/2023\/06\/about-US-e1738576045954.jpg\"},{\"@type\":\"BreadcrumbList\",\"@id\":\"https:\/\/egytrafo.com\/fr\/about-egytrafo\/#breadcrumb\",\"itemListElement\":[{\"@type\":\"ListItem\",\"position\":1,\"name\":\"Home\",\"item\":\"https:\/\/egytrafo.com\/fr\/\"},{\"@type\":\"ListItem\",\"position\":2,\"name\":\"EGYTRAFO\"}]},{\"@type\":\"WebSite\",\"@id\":\"https:\/\/egytrafo.com\/#website\",\"url\":\"https:\/\/egytrafo.com\/\",\"name\":\"EGYTRAFO - Different Power Vision!\",\"description\":\"Different Power Vision!\",\"potentialAction\":[{\"@type\":\"SearchAction\",\"target\":{\"@type\":\"EntryPoint\",\"urlTemplate\":\"https:\/\/egytrafo.com\/?s={search_term_string}\"},\"query-input\":{\"@type\":\"PropertyValueSpecification\",\"valueRequired\":true,\"valueName\":\"search_term_string\"}}],\"inLanguage\":\"fr-FR\"}]}<\/script>\n<!-- \/ Yoast SEO plugin. -->","yoast_head_json":{"title":"EGYTRAFO - EGYTRAFO - Different Power Vision!","robots":{"index":"index","follow":"follow","max-snippet":"max-snippet:-1","max-image-preview":"max-image-preview:large","max-video-preview":"max-video-preview:-1"},"canonical":"https:\/\/egytrafo.com\/fr\/about-egytrafo\/","og_locale":"fr_FR","og_type":"article","og_title":"EGYTRAFO - EGYTRAFO - Different Power Vision!","og_description":"\u00c0 propos de notre entreprise Un engagement profond envers le code de conduite EGYTRAFO est hautement engag\u00e9 envers les normes \u00e9thiques et nous veillons \u00e0 leur respect. Nous avons une tol\u00e9rance z\u00e9ro pour tout acte non \u00e9thique. Notre code de conduite est largement communiqu\u00e9 \u00e0 tous les employ\u00e9s \u00e0 tous [&hellip;]","og_url":"https:\/\/egytrafo.com\/fr\/about-egytrafo\/","og_site_name":"EGYTRAFO - Different Power Vision!","article_modified_time":"2025-03-16T11:50:18+00:00","og_image":[{"width":707,"height":819,"url":"https:\/\/egytrafo.com\/wp-content\/uploads\/2023\/06\/about-US-e1738576045954.jpg","type":"image\/jpeg"}],"twitter_card":"summary_large_image","twitter_misc":{"Dur\u00e9e de lecture estim\u00e9e":"3 minutes"},"schema":{"@context":"https:\/\/schema.org","@graph":[{"@type":"WebPage","@id":"https:\/\/egytrafo.com\/fr\/about-egytrafo\/","url":"https:\/\/egytrafo.com\/fr\/about-egytrafo\/","name":"EGYTRAFO - EGYTRAFO - Different Power Vision!","isPartOf":{"@id":"https:\/\/egytrafo.com\/#website"},"primaryImageOfPage":{"@id":"https:\/\/egytrafo.com\/fr\/about-egytrafo\/#primaryimage"},"image":{"@id":"https:\/\/egytrafo.com\/fr\/about-egytrafo\/#primaryimage"},"thumbnailUrl":"https:\/\/egytrafo.com\/wp-content\/uploads\/2023\/06\/about-US-e1738576045954.jpg","datePublished":"2020-02-17T14:59:59+00:00","dateModified":"2025-03-16T11:50:18+00:00","breadcrumb":{"@id":"https:\/\/egytrafo.com\/fr\/about-egytrafo\/#breadcrumb"},"inLanguage":"fr-FR","potentialAction":[{"@type":"ReadAction","target":["https:\/\/egytrafo.com\/fr\/about-egytrafo\/"]}]},{"@type":"ImageObject","inLanguage":"fr-FR","@id":"https:\/\/egytrafo.com\/fr\/about-egytrafo\/#primaryimage","url":"https:\/\/egytrafo.com\/wp-content\/uploads\/2023\/06\/about-US-e1738576045954.jpg","contentUrl":"https:\/\/egytrafo.com\/wp-content\/uploads\/2023\/06\/about-US-e1738576045954.jpg"},{"@type":"BreadcrumbList","@id":"https:\/\/egytrafo.com\/fr\/about-egytrafo\/#breadcrumb","itemListElement":[{"@type":"ListItem","position":1,"name":"Home","item":"https:\/\/egytrafo.com\/fr\/"},{"@type":"ListItem","position":2,"name":"EGYTRAFO"}]},{"@type":"WebSite","@id":"https:\/\/egytrafo.com\/#website","url":"https:\/\/egytrafo.com\/","name":"EGYTRAFO - Different Power Vision!","description":"Different Power Vision!","potentialAction":[{"@type":"SearchAction","target":{"@type":"EntryPoint","urlTemplate":"https:\/\/egytrafo.com\/?s={search_term_string}"},"query-input":{"@type":"PropertyValueSpecification","valueRequired":true,"valueName":"search_term_string"}}],"inLanguage":"fr-FR"}]}},"_links":{"self":[{"href":"https:\/\/egytrafo.com\/fr\/wp-json\/wp\/v2\/pages\/6555","targetHints":{"allow":["GET"]}}],"collection":[{"href":"https:\/\/egytrafo.com\/fr\/wp-json\/wp\/v2\/pages"}],"about":[{"href":"https:\/\/egytrafo.com\/fr\/wp-json\/wp\/v2\/types\/page"}],"author":[{"embeddable":true,"href":"https:\/\/egytrafo.com\/fr\/wp-json\/wp\/v2\/users\/6"}],"replies":[{"embeddable":true,"href":"https:\/\/egytrafo.com\/fr\/wp-json\/wp\/v2\/comments?post=6555"}],"version-history":[{"count":16,"href":"https:\/\/egytrafo.com\/fr\/wp-json\/wp\/v2\/pages\/6555\/revisions"}],"predecessor-version":[{"id":12083,"href":"https:\/\/egytrafo.com\/fr\/wp-json\/wp\/v2\/pages\/6555\/revisions\/12083"}],"wp:attachment":[{"href":"https:\/\/egytrafo.com\/fr\/wp-json\/wp\/v2\/media?parent=6555"}],"curies":[{"name":"wp","href":"https:\/\/api.w.org\/{rel}","templated":true}]}}