{"id":6569,"date":"2023-01-19T20:23:20","date_gmt":"2023-01-19T20:23:20","guid":{"rendered":"https:\/\/demos.soluspot.com\/egytrafo\/isolated-transformers\/"},"modified":"2025-03-16T12:24:46","modified_gmt":"2025-03-16T12:24:46","slug":"isolated-transformers","status":"publish","type":"page","link":"https:\/\/egytrafo.com\/fr\/isolated-transformers\/","title":{"rendered":"Transformateurs Isol\u00e9s"},"content":{"rendered":"\t\t<div data-elementor-type=\"wp-page\" data-elementor-id=\"6569\" class=\"elementor elementor-6569 elementor-2682\" data-elementor-post-type=\"page\">\n\t\t\t\t\t\t<section class=\"elementor-section elementor-top-section elementor-element elementor-element-335edf62 elementor-section-stretched elementor-section-boxed elementor-section-height-default elementor-section-height-default\" data-id=\"335edf62\" data-element_type=\"section\" data-e-type=\"section\" data-settings=\"{&quot;stretch_section&quot;:&quot;section-stretched&quot;}\">\n\t\t\t\t\t\t<div class=\"elementor-container elementor-column-gap-no\">\n\t\t\t\t\t<div class=\"elementor-column elementor-col-66 elementor-top-column elementor-element elementor-element-62791cda\" data-id=\"62791cda\" data-element_type=\"column\" data-e-type=\"column\">\n\t\t\t<div class=\"elementor-widget-wrap elementor-element-populated\">\n\t\t\t\t\t\t<section class=\"elementor-section elementor-inner-section elementor-element elementor-element-130b1d1b elementor-section-boxed elementor-section-height-default elementor-section-height-default\" data-id=\"130b1d1b\" data-element_type=\"section\" data-e-type=\"section\">\n\t\t\t\t\t\t<div class=\"elementor-container elementor-column-gap-no\">\n\t\t\t\t\t<div class=\"elementor-column elementor-col-100 elementor-inner-column elementor-element elementor-element-1f0e09f4\" data-id=\"1f0e09f4\" data-element_type=\"column\" data-e-type=\"column\">\n\t\t\t<div class=\"elementor-widget-wrap\">\n\t\t\t\t\t\t\t<\/div>\n\t\t<\/div>\n\t\t\t\t\t<\/div>\n\t\t<\/section>\n\t\t\t\t<section class=\"elementor-section elementor-inner-section elementor-element elementor-element-6a93fb6d elementor-section-boxed elementor-section-height-default elementor-section-height-default\" data-id=\"6a93fb6d\" data-element_type=\"section\" data-e-type=\"section\">\n\t\t\t\t\t\t<div class=\"elementor-container elementor-column-gap-no\">\n\t\t\t\t\t<div class=\"elementor-column elementor-col-100 elementor-inner-column elementor-element elementor-element-26d6e07\" data-id=\"26d6e07\" data-element_type=\"column\" data-e-type=\"column\">\n\t\t\t<div class=\"elementor-widget-wrap elementor-element-populated\">\n\t\t\t\t\t\t<div class=\"elementor-element elementor-element-ffff696 elementor-widget elementor-widget-image\" data-id=\"ffff696\" data-element_type=\"widget\" data-e-type=\"widget\" data-widget_type=\"image.default\">\n\t\t\t\t<div class=\"elementor-widget-container\">\n\t\t\t\t\t\t\t\t\t\t\t\t\t\t\t<img fetchpriority=\"high\" decoding=\"async\" width=\"1024\" height=\"478\" src=\"https:\/\/egytrafo.com\/wp-content\/uploads\/2025\/02\/Isolation-model_\u064fEGYTRAFO-Group-e1739784467940-1024x478.jpg\" class=\"attachment-large size-large wp-image-11359\" alt=\"\" srcset=\"https:\/\/egytrafo.com\/wp-content\/uploads\/2025\/02\/Isolation-model_\u064fEGYTRAFO-Group-e1739784467940-1024x478.jpg 1024w, https:\/\/egytrafo.com\/wp-content\/uploads\/2025\/02\/Isolation-model_\u064fEGYTRAFO-Group-e1739784467940-300x140.jpg 300w, https:\/\/egytrafo.com\/wp-content\/uploads\/2025\/02\/Isolation-model_\u064fEGYTRAFO-Group-e1739784467940-768x358.jpg 768w, https:\/\/egytrafo.com\/wp-content\/uploads\/2025\/02\/Isolation-model_\u064fEGYTRAFO-Group-e1739784467940.jpg 1280w\" sizes=\"(max-width: 1024px) 100vw, 1024px\" \/>\t\t\t\t\t\t\t\t\t\t\t\t\t\t\t<\/div>\n\t\t\t\t<\/div>\n\t\t\t\t\t<\/div>\n\t\t<\/div>\n\t\t\t\t\t<\/div>\n\t\t<\/section>\n\t\t\t\t<section class=\"elementor-section elementor-inner-section elementor-element elementor-element-78c3fe0d elementor-section-boxed elementor-section-height-default elementor-section-height-default\" data-id=\"78c3fe0d\" data-element_type=\"section\" data-e-type=\"section\">\n\t\t\t\t\t\t<div class=\"elementor-container elementor-column-gap-no\">\n\t\t\t\t\t<div class=\"elementor-column elementor-col-50 elementor-inner-column elementor-element elementor-element-51f424fd\" data-id=\"51f424fd\" data-element_type=\"column\" data-e-type=\"column\">\n\t\t\t<div class=\"elementor-widget-wrap\">\n\t\t\t\t\t\t\t<\/div>\n\t\t<\/div>\n\t\t\t\t<div class=\"elementor-column elementor-col-50 elementor-inner-column elementor-element elementor-element-75be87a3\" data-id=\"75be87a3\" data-element_type=\"column\" data-e-type=\"column\">\n\t\t\t<div class=\"elementor-widget-wrap\">\n\t\t\t\t\t\t\t<\/div>\n\t\t<\/div>\n\t\t\t\t\t<\/div>\n\t\t<\/section>\n\t\t\t\t<section class=\"elementor-section elementor-inner-section elementor-element elementor-element-6285bb86 elementor-section-boxed elementor-section-height-default elementor-section-height-default\" data-id=\"6285bb86\" data-element_type=\"section\" data-e-type=\"section\">\n\t\t\t\t\t\t<div class=\"elementor-container elementor-column-gap-no\">\n\t\t\t\t\t<div class=\"elementor-column elementor-col-100 elementor-inner-column elementor-element elementor-element-3566bf96\" data-id=\"3566bf96\" data-element_type=\"column\" data-e-type=\"column\">\n\t\t\t<div class=\"elementor-widget-wrap\">\n\t\t\t\t\t\t\t<\/div>\n\t\t<\/div>\n\t\t\t\t\t<\/div>\n\t\t<\/section>\n\t\t\t\t<section class=\"elementor-section elementor-inner-section elementor-element elementor-element-692e610 elementor-section-boxed elementor-section-height-default elementor-section-height-default\" data-id=\"692e610\" data-element_type=\"section\" data-e-type=\"section\">\n\t\t\t\t\t\t<div class=\"elementor-container elementor-column-gap-no\">\n\t\t\t\t\t<div class=\"elementor-column elementor-col-50 elementor-inner-column elementor-element elementor-element-2f9aea6\" data-id=\"2f9aea6\" data-element_type=\"column\" data-e-type=\"column\" data-settings=\"{&quot;background_background&quot;:&quot;classic&quot;}\">\n\t\t\t<div class=\"elementor-widget-wrap elementor-element-populated\">\n\t\t\t\t\t\t<div class=\"elementor-element elementor-element-8d5b4b9 elementor-widget elementor-widget-image\" data-id=\"8d5b4b9\" data-element_type=\"widget\" data-e-type=\"widget\" data-widget_type=\"image.default\">\n\t\t\t\t<div class=\"elementor-widget-container\">\n\t\t\t\t\t\t\t\t\t\t\t\t\t\t\t<img decoding=\"async\" width=\"1024\" height=\"442\" src=\"https:\/\/egytrafo.com\/wp-content\/uploads\/2023\/05\/EGYTRAFO-SUPPORT.svg\" class=\"attachment-large size-large wp-image-5534\" alt=\"EGYTRAFO SUPPORT\" \/>\t\t\t\t\t\t\t\t\t\t\t\t\t\t\t<\/div>\n\t\t\t\t<\/div>\n\t\t\t\t\t<\/div>\n\t\t<\/div>\n\t\t\t\t<div class=\"elementor-column elementor-col-50 elementor-inner-column elementor-element elementor-element-eed0609\" data-id=\"eed0609\" data-element_type=\"column\" data-e-type=\"column\" data-settings=\"{&quot;background_background&quot;:&quot;classic&quot;}\">\n\t\t\t<div class=\"elementor-widget-wrap\">\n\t\t\t\t\t\t\t<\/div>\n\t\t<\/div>\n\t\t\t\t\t<\/div>\n\t\t<\/section>\n\t\t\t\t\t<\/div>\n\t\t<\/div>\n\t\t\t\t<div class=\"elementor-column elementor-col-33 elementor-top-column elementor-element elementor-element-6a488ff6\" data-id=\"6a488ff6\" data-element_type=\"column\" data-e-type=\"column\">\n\t\t\t<div class=\"elementor-widget-wrap elementor-element-populated\">\n\t\t\t\t\t\t<section class=\"elementor-section elementor-inner-section elementor-element elementor-element-18726cf elementor-section-boxed elementor-section-height-default elementor-section-height-default\" data-id=\"18726cf\" data-element_type=\"section\" data-e-type=\"section\">\n\t\t\t\t\t\t<div class=\"elementor-container elementor-column-gap-no\">\n\t\t\t\t\t<div class=\"elementor-column elementor-col-100 elementor-inner-column elementor-element elementor-element-4becd882\" data-id=\"4becd882\" data-element_type=\"column\" data-e-type=\"column\">\n\t\t\t<div class=\"elementor-widget-wrap\">\n\t\t\t\t\t\t\t<\/div>\n\t\t<\/div>\n\t\t\t\t\t<\/div>\n\t\t<\/section>\n\t\t\t\t<section class=\"elementor-section elementor-inner-section elementor-element elementor-element-d4be09b elementor-section-boxed elementor-section-height-default elementor-section-height-default\" data-id=\"d4be09b\" data-element_type=\"section\" data-e-type=\"section\">\n\t\t\t\t\t\t<div class=\"elementor-container elementor-column-gap-default\">\n\t\t\t\t\t<div class=\"elementor-column elementor-col-100 elementor-inner-column elementor-element elementor-element-9d69107\" data-id=\"9d69107\" data-element_type=\"column\" data-e-type=\"column\" data-settings=\"{&quot;background_background&quot;:&quot;classic&quot;}\">\n\t\t\t<div class=\"elementor-widget-wrap elementor-element-populated\">\n\t\t\t\t\t\t<div class=\"elementor-element elementor-element-4054391 elementor-widget elementor-widget-heading\" data-id=\"4054391\" data-element_type=\"widget\" data-e-type=\"widget\" data-widget_type=\"heading.default\">\n\t\t\t\t<div class=\"elementor-widget-container\">\n\t\t\t\t\t<h2 class=\"elementor-heading-title elementor-size-default\"><a href=\"mailto:info@egytrafo.com\">info@egytrafo.com<\/a><\/h2>\t\t\t\t<\/div>\n\t\t\t\t<\/div>\n\t\t\t\t\t<\/div>\n\t\t<\/div>\n\t\t\t\t\t<\/div>\n\t\t<\/section>\n\t\t\t\t<section class=\"elementor-section elementor-inner-section elementor-element elementor-element-d1fb4fc elementor-section-boxed elementor-section-height-default elementor-section-height-default\" data-id=\"d1fb4fc\" data-element_type=\"section\" data-e-type=\"section\">\n\t\t\t\t\t\t<div class=\"elementor-container elementor-column-gap-no\">\n\t\t\t\t\t<div class=\"elementor-column elementor-col-100 elementor-inner-column elementor-element elementor-element-73aa4fa\" data-id=\"73aa4fa\" data-element_type=\"column\" data-e-type=\"column\" data-settings=\"{&quot;background_background&quot;:&quot;classic&quot;}\">\n\t\t\t<div class=\"elementor-widget-wrap\">\n\t\t\t\t\t\t\t<\/div>\n\t\t<\/div>\n\t\t\t\t\t<\/div>\n\t\t<\/section>\n\t\t\t\t\t<\/div>\n\t\t<\/div>\n\t\t\t\t\t<\/div>\n\t\t<\/section>\n\t\t\t\t<\/div>\n\t\t","protected":false},"excerpt":{"rendered":"<p>Transformateurs Isol\u00e9s Chez EGYTRAFO Group, nous proposons des transformateurs d&#39;isolement haute performance qui garantissent une exp\u00e9rience \u00e9nerg\u00e9tique optimale. Notre technologie et notre design assurent une alimentation fiable en offrant une isolation entre les enroulements. Pourquoi l&#39;Isolation est-elle Importante ? Dans les transformateurs traditionnels, le couplage capacitif repr\u00e9sente un d\u00e9fi majeur. [&hellip;]<\/p>\n","protected":false},"author":6,"featured_media":0,"parent":0,"menu_order":0,"comment_status":"closed","ping_status":"closed","template":"elementor_header_footer","meta":{"footnotes":""},"class_list":["post-6569","page","type-page","status-publish","hentry"],"yoast_head":"<!-- This site is optimized with the Yoast SEO plugin v27.1.1 - https:\/\/yoast.com\/product\/yoast-seo-wordpress\/ -->\n<title>Transformateurs Isol\u00e9s - EGYTRAFO - Different Power Vision!<\/title>\n<meta name=\"robots\" content=\"index, follow, max-snippet:-1, max-image-preview:large, max-video-preview:-1\" \/>\n<link rel=\"canonical\" href=\"https:\/\/egytrafo.com\/fr\/isolated-transformers\/\" \/>\n<meta property=\"og:locale\" content=\"fr_FR\" \/>\n<meta property=\"og:type\" content=\"article\" \/>\n<meta property=\"og:title\" content=\"Transformateurs Isol\u00e9s - EGYTRAFO - Different Power Vision!\" \/>\n<meta property=\"og:description\" content=\"Transformateurs Isol\u00e9s Chez EGYTRAFO Group, nous proposons des transformateurs d&#039;isolement haute performance qui garantissent une exp\u00e9rience \u00e9nerg\u00e9tique optimale. Notre technologie et notre design assurent une alimentation fiable en offrant une isolation entre les enroulements. Pourquoi l&#039;Isolation est-elle Importante ? Dans les transformateurs traditionnels, le couplage capacitif repr\u00e9sente un d\u00e9fi majeur. [&hellip;]\" \/>\n<meta property=\"og:url\" content=\"https:\/\/egytrafo.com\/fr\/isolated-transformers\/\" \/>\n<meta property=\"og:site_name\" content=\"EGYTRAFO - Different Power Vision!\" \/>\n<meta property=\"article:modified_time\" content=\"2025-03-16T12:24:46+00:00\" \/>\n<meta property=\"og:image\" content=\"https:\/\/egytrafo.com\/wp-content\/uploads\/2023\/01\/egytrafo-logo_.svg\" \/>\n<meta name=\"twitter:card\" content=\"summary_large_image\" \/>\n<meta name=\"twitter:label1\" content=\"Dur\u00e9e de lecture estim\u00e9e\" \/>\n\t<meta name=\"twitter:data1\" content=\"4 minutes\" \/>\n<script type=\"application\/ld+json\" class=\"yoast-schema-graph\">{\"@context\":\"https:\/\/schema.org\",\"@graph\":[{\"@type\":\"WebPage\",\"@id\":\"https:\/\/egytrafo.com\/fr\/isolated-transformers\/\",\"url\":\"https:\/\/egytrafo.com\/fr\/isolated-transformers\/\",\"name\":\"Transformateurs Isol\u00e9s - EGYTRAFO - Different Power Vision!\",\"isPartOf\":{\"@id\":\"https:\/\/egytrafo.com\/#website\"},\"primaryImageOfPage\":{\"@id\":\"https:\/\/egytrafo.com\/fr\/isolated-transformers\/#primaryimage\"},\"image\":{\"@id\":\"https:\/\/egytrafo.com\/fr\/isolated-transformers\/#primaryimage\"},\"thumbnailUrl\":\"https:\/\/egytrafo.com\/wp-content\/uploads\/2023\/01\/egytrafo-logo_.svg\",\"datePublished\":\"2023-01-19T20:23:20+00:00\",\"dateModified\":\"2025-03-16T12:24:46+00:00\",\"breadcrumb\":{\"@id\":\"https:\/\/egytrafo.com\/fr\/isolated-transformers\/#breadcrumb\"},\"inLanguage\":\"fr-FR\",\"potentialAction\":[{\"@type\":\"ReadAction\",\"target\":[\"https:\/\/egytrafo.com\/fr\/isolated-transformers\/\"]}]},{\"@type\":\"ImageObject\",\"inLanguage\":\"fr-FR\",\"@id\":\"https:\/\/egytrafo.com\/fr\/isolated-transformers\/#primaryimage\",\"url\":\"https:\/\/egytrafo.com\/wp-content\/uploads\/2023\/01\/egytrafo-logo_.svg\",\"contentUrl\":\"https:\/\/egytrafo.com\/wp-content\/uploads\/2023\/01\/egytrafo-logo_.svg\"},{\"@type\":\"BreadcrumbList\",\"@id\":\"https:\/\/egytrafo.com\/fr\/isolated-transformers\/#breadcrumb\",\"itemListElement\":[{\"@type\":\"ListItem\",\"position\":1,\"name\":\"Home\",\"item\":\"https:\/\/egytrafo.com\/fr\/\"},{\"@type\":\"ListItem\",\"position\":2,\"name\":\"Transformateurs Isol\u00e9s\"}]},{\"@type\":\"WebSite\",\"@id\":\"https:\/\/egytrafo.com\/#website\",\"url\":\"https:\/\/egytrafo.com\/\",\"name\":\"EGYTRAFO - Different Power Vision!\",\"description\":\"Different Power Vision!\",\"potentialAction\":[{\"@type\":\"SearchAction\",\"target\":{\"@type\":\"EntryPoint\",\"urlTemplate\":\"https:\/\/egytrafo.com\/?s={search_term_string}\"},\"query-input\":{\"@type\":\"PropertyValueSpecification\",\"valueRequired\":true,\"valueName\":\"search_term_string\"}}],\"inLanguage\":\"fr-FR\"}]}<\/script>\n<!-- \/ Yoast SEO plugin. -->","yoast_head_json":{"title":"Transformateurs Isol\u00e9s - EGYTRAFO - Different Power Vision!","robots":{"index":"index","follow":"follow","max-snippet":"max-snippet:-1","max-image-preview":"max-image-preview:large","max-video-preview":"max-video-preview:-1"},"canonical":"https:\/\/egytrafo.com\/fr\/isolated-transformers\/","og_locale":"fr_FR","og_type":"article","og_title":"Transformateurs Isol\u00e9s - EGYTRAFO - Different Power Vision!","og_description":"Transformateurs Isol\u00e9s Chez EGYTRAFO Group, nous proposons des transformateurs d&#39;isolement haute performance qui garantissent une exp\u00e9rience \u00e9nerg\u00e9tique optimale. Notre technologie et notre design assurent une alimentation fiable en offrant une isolation entre les enroulements. Pourquoi l&#39;Isolation est-elle Importante ? Dans les transformateurs traditionnels, le couplage capacitif repr\u00e9sente un d\u00e9fi majeur. [&hellip;]","og_url":"https:\/\/egytrafo.com\/fr\/isolated-transformers\/","og_site_name":"EGYTRAFO - Different Power Vision!","article_modified_time":"2025-03-16T12:24:46+00:00","og_image":[{"url":"https:\/\/egytrafo.com\/wp-content\/uploads\/2023\/01\/egytrafo-logo_.svg","type":"","width":"","height":""}],"twitter_card":"summary_large_image","twitter_misc":{"Dur\u00e9e de lecture estim\u00e9e":"4 minutes"},"schema":{"@context":"https:\/\/schema.org","@graph":[{"@type":"WebPage","@id":"https:\/\/egytrafo.com\/fr\/isolated-transformers\/","url":"https:\/\/egytrafo.com\/fr\/isolated-transformers\/","name":"Transformateurs Isol\u00e9s - EGYTRAFO - Different Power Vision!","isPartOf":{"@id":"https:\/\/egytrafo.com\/#website"},"primaryImageOfPage":{"@id":"https:\/\/egytrafo.com\/fr\/isolated-transformers\/#primaryimage"},"image":{"@id":"https:\/\/egytrafo.com\/fr\/isolated-transformers\/#primaryimage"},"thumbnailUrl":"https:\/\/egytrafo.com\/wp-content\/uploads\/2023\/01\/egytrafo-logo_.svg","datePublished":"2023-01-19T20:23:20+00:00","dateModified":"2025-03-16T12:24:46+00:00","breadcrumb":{"@id":"https:\/\/egytrafo.com\/fr\/isolated-transformers\/#breadcrumb"},"inLanguage":"fr-FR","potentialAction":[{"@type":"ReadAction","target":["https:\/\/egytrafo.com\/fr\/isolated-transformers\/"]}]},{"@type":"ImageObject","inLanguage":"fr-FR","@id":"https:\/\/egytrafo.com\/fr\/isolated-transformers\/#primaryimage","url":"https:\/\/egytrafo.com\/wp-content\/uploads\/2023\/01\/egytrafo-logo_.svg","contentUrl":"https:\/\/egytrafo.com\/wp-content\/uploads\/2023\/01\/egytrafo-logo_.svg"},{"@type":"BreadcrumbList","@id":"https:\/\/egytrafo.com\/fr\/isolated-transformers\/#breadcrumb","itemListElement":[{"@type":"ListItem","position":1,"name":"Home","item":"https:\/\/egytrafo.com\/fr\/"},{"@type":"ListItem","position":2,"name":"Transformateurs Isol\u00e9s"}]},{"@type":"WebSite","@id":"https:\/\/egytrafo.com\/#website","url":"https:\/\/egytrafo.com\/","name":"EGYTRAFO - Different Power Vision!","description":"Different Power Vision!","potentialAction":[{"@type":"SearchAction","target":{"@type":"EntryPoint","urlTemplate":"https:\/\/egytrafo.com\/?s={search_term_string}"},"query-input":{"@type":"PropertyValueSpecification","valueRequired":true,"valueName":"search_term_string"}}],"inLanguage":"fr-FR"}]}},"_links":{"self":[{"href":"https:\/\/egytrafo.com\/fr\/wp-json\/wp\/v2\/pages\/6569","targetHints":{"allow":["GET"]}}],"collection":[{"href":"https:\/\/egytrafo.com\/fr\/wp-json\/wp\/v2\/pages"}],"about":[{"href":"https:\/\/egytrafo.com\/fr\/wp-json\/wp\/v2\/types\/page"}],"author":[{"embeddable":true,"href":"https:\/\/egytrafo.com\/fr\/wp-json\/wp\/v2\/users\/6"}],"replies":[{"embeddable":true,"href":"https:\/\/egytrafo.com\/fr\/wp-json\/wp\/v2\/comments?post=6569"}],"version-history":[{"count":43,"href":"https:\/\/egytrafo.com\/fr\/wp-json\/wp\/v2\/pages\/6569\/revisions"}],"predecessor-version":[{"id":12103,"href":"https:\/\/egytrafo.com\/fr\/wp-json\/wp\/v2\/pages\/6569\/revisions\/12103"}],"wp:attachment":[{"href":"https:\/\/egytrafo.com\/fr\/wp-json\/wp\/v2\/media?parent=6569"}],"curies":[{"name":"wp","href":"https:\/\/api.w.org\/{rel}","templated":true}]}}