{"id":6576,"date":"2023-01-11T21:11:50","date_gmt":"2023-01-11T21:11:50","guid":{"rendered":"https:\/\/demos.soluspot.com\/egytrafo\/media-events\/press\/"},"modified":"2025-05-18T08:54:42","modified_gmt":"2025-05-18T08:54:42","slug":"press","status":"publish","type":"page","link":"https:\/\/egytrafo.com\/fr\/press\/","title":{"rendered":"Communiqu\u00e9 de Presse"},"content":{"rendered":"\t\t<div data-elementor-type=\"wp-page\" data-elementor-id=\"6576\" class=\"elementor elementor-6576 elementor-2292\" data-elementor-post-type=\"page\">\n\t\t\t\t\t\t<section class=\"elementor-section elementor-top-section elementor-element elementor-element-11e7d1a elementor-section-boxed elementor-section-height-default elementor-section-height-default\" data-id=\"11e7d1a\" data-element_type=\"section\" data-e-type=\"section\">\n\t\t\t\t\t\t<div class=\"elementor-container elementor-column-gap-default\">\n\t\t\t\t\t<div class=\"elementor-column elementor-col-100 elementor-top-column elementor-element elementor-element-e20b209\" data-id=\"e20b209\" data-element_type=\"column\" data-e-type=\"column\">\n\t\t\t<div class=\"elementor-widget-wrap\">\n\t\t\t\t\t\t\t<\/div>\n\t\t<\/div>\n\t\t\t\t\t<\/div>\n\t\t<\/section>\n\t\t\t\t<\/div>\n\t\t","protected":false},"excerpt":{"rendered":"<p>Du Forum d&rsquo;Int\u00e9gration du Secteur de l&rsquo;\u00c9nergie Le Groupe EGYTRAFO a particip\u00e9 au Forum d&rsquo;Int\u00e9gration du Secteur de l&rsquo;\u00c9nergie organis\u00e9 par le Minist\u00e8re de l&rsquo;\u00c9lectricit\u00e9 et des \u00c9nergies Renouvelables, l&rsquo;APUA, et la Banque Africaine de D\u00e9veloppement \u00e0 Sharm El Sheikh du 21 au 25 avril 2024. Read Now La collaboration [&hellip;]<\/p>\n","protected":false},"author":6,"featured_media":0,"parent":0,"menu_order":0,"comment_status":"closed","ping_status":"closed","template":"elementor_header_footer","meta":{"footnotes":""},"class_list":["post-6576","page","type-page","status-publish","hentry"],"yoast_head":"<!-- This site is optimized with the Yoast SEO plugin v27.1.1 - https:\/\/yoast.com\/product\/yoast-seo-wordpress\/ -->\n<title>Communiqu\u00e9 de Presse - EGYTRAFO - Different Power Vision!<\/title>\n<meta name=\"robots\" content=\"index, follow, max-snippet:-1, max-image-preview:large, max-video-preview:-1\" \/>\n<link rel=\"canonical\" href=\"https:\/\/egytrafo.com\/fr\/press\/\" \/>\n<meta property=\"og:locale\" content=\"fr_FR\" \/>\n<meta property=\"og:type\" content=\"article\" \/>\n<meta property=\"og:title\" content=\"Communiqu\u00e9 de Presse - EGYTRAFO - Different Power Vision!\" \/>\n<meta property=\"og:description\" content=\"Du Forum d&rsquo;Int\u00e9gration du Secteur de l&rsquo;\u00c9nergie Le Groupe EGYTRAFO a particip\u00e9 au Forum d&rsquo;Int\u00e9gration du Secteur de l&rsquo;\u00c9nergie organis\u00e9 par le Minist\u00e8re de l&rsquo;\u00c9lectricit\u00e9 et des \u00c9nergies Renouvelables, l&rsquo;APUA, et la Banque Africaine de D\u00e9veloppement \u00e0 Sharm El Sheikh du 21 au 25 avril 2024. Read Now La collaboration [&hellip;]\" \/>\n<meta property=\"og:url\" content=\"https:\/\/egytrafo.com\/fr\/press\/\" \/>\n<meta property=\"og:site_name\" content=\"EGYTRAFO - Different Power Vision!\" \/>\n<meta property=\"article:modified_time\" content=\"2025-05-18T08:54:42+00:00\" \/>\n<meta property=\"og:image\" content=\"https:\/\/egytrafo.com\/wp-content\/uploads\/2024\/07\/molt2a33.jpeg\" \/>\n<meta name=\"twitter:card\" content=\"summary_large_image\" \/>\n<meta name=\"twitter:label1\" content=\"Dur\u00e9e de lecture estim\u00e9e\" \/>\n\t<meta name=\"twitter:data1\" content=\"4 minutes\" \/>\n<script type=\"application\/ld+json\" class=\"yoast-schema-graph\">{\"@context\":\"https:\/\/schema.org\",\"@graph\":[{\"@type\":\"WebPage\",\"@id\":\"https:\/\/egytrafo.com\/fr\/press\/\",\"url\":\"https:\/\/egytrafo.com\/fr\/press\/\",\"name\":\"Communiqu\u00e9 de Presse - EGYTRAFO - Different Power Vision!\",\"isPartOf\":{\"@id\":\"https:\/\/egytrafo.com\/#website\"},\"primaryImageOfPage\":{\"@id\":\"https:\/\/egytrafo.com\/fr\/press\/#primaryimage\"},\"image\":{\"@id\":\"https:\/\/egytrafo.com\/fr\/press\/#primaryimage\"},\"thumbnailUrl\":\"https:\/\/egytrafo.com\/wp-content\/uploads\/2024\/07\/molt2a33.jpeg\",\"datePublished\":\"2023-01-11T21:11:50+00:00\",\"dateModified\":\"2025-05-18T08:54:42+00:00\",\"breadcrumb\":{\"@id\":\"https:\/\/egytrafo.com\/fr\/press\/#breadcrumb\"},\"inLanguage\":\"fr-FR\",\"potentialAction\":[{\"@type\":\"ReadAction\",\"target\":[\"https:\/\/egytrafo.com\/fr\/press\/\"]}]},{\"@type\":\"ImageObject\",\"inLanguage\":\"fr-FR\",\"@id\":\"https:\/\/egytrafo.com\/fr\/press\/#primaryimage\",\"url\":\"https:\/\/egytrafo.com\/wp-content\/uploads\/2024\/07\/molt2a33.jpeg\",\"contentUrl\":\"https:\/\/egytrafo.com\/wp-content\/uploads\/2024\/07\/molt2a33.jpeg\"},{\"@type\":\"BreadcrumbList\",\"@id\":\"https:\/\/egytrafo.com\/fr\/press\/#breadcrumb\",\"itemListElement\":[{\"@type\":\"ListItem\",\"position\":1,\"name\":\"Home\",\"item\":\"https:\/\/egytrafo.com\/fr\/\"},{\"@type\":\"ListItem\",\"position\":2,\"name\":\"Communiqu\u00e9 de Presse\"}]},{\"@type\":\"WebSite\",\"@id\":\"https:\/\/egytrafo.com\/#website\",\"url\":\"https:\/\/egytrafo.com\/\",\"name\":\"EGYTRAFO - Different Power Vision!\",\"description\":\"Different Power Vision!\",\"potentialAction\":[{\"@type\":\"SearchAction\",\"target\":{\"@type\":\"EntryPoint\",\"urlTemplate\":\"https:\/\/egytrafo.com\/?s={search_term_string}\"},\"query-input\":{\"@type\":\"PropertyValueSpecification\",\"valueRequired\":true,\"valueName\":\"search_term_string\"}}],\"inLanguage\":\"fr-FR\"}]}<\/script>\n<!-- \/ Yoast SEO plugin. -->","yoast_head_json":{"title":"Communiqu\u00e9 de Presse - EGYTRAFO - Different Power Vision!","robots":{"index":"index","follow":"follow","max-snippet":"max-snippet:-1","max-image-preview":"max-image-preview:large","max-video-preview":"max-video-preview:-1"},"canonical":"https:\/\/egytrafo.com\/fr\/press\/","og_locale":"fr_FR","og_type":"article","og_title":"Communiqu\u00e9 de Presse - EGYTRAFO - Different Power Vision!","og_description":"Du Forum d&rsquo;Int\u00e9gration du Secteur de l&rsquo;\u00c9nergie Le Groupe EGYTRAFO a particip\u00e9 au Forum d&rsquo;Int\u00e9gration du Secteur de l&rsquo;\u00c9nergie organis\u00e9 par le Minist\u00e8re de l&rsquo;\u00c9lectricit\u00e9 et des \u00c9nergies Renouvelables, l&rsquo;APUA, et la Banque Africaine de D\u00e9veloppement \u00e0 Sharm El Sheikh du 21 au 25 avril 2024. Read Now La collaboration [&hellip;]","og_url":"https:\/\/egytrafo.com\/fr\/press\/","og_site_name":"EGYTRAFO - Different Power Vision!","article_modified_time":"2025-05-18T08:54:42+00:00","og_image":[{"url":"https:\/\/egytrafo.com\/wp-content\/uploads\/2024\/07\/molt2a33.jpeg","type":"","width":"","height":""}],"twitter_card":"summary_large_image","twitter_misc":{"Dur\u00e9e de lecture estim\u00e9e":"4 minutes"},"schema":{"@context":"https:\/\/schema.org","@graph":[{"@type":"WebPage","@id":"https:\/\/egytrafo.com\/fr\/press\/","url":"https:\/\/egytrafo.com\/fr\/press\/","name":"Communiqu\u00e9 de Presse - EGYTRAFO - Different Power Vision!","isPartOf":{"@id":"https:\/\/egytrafo.com\/#website"},"primaryImageOfPage":{"@id":"https:\/\/egytrafo.com\/fr\/press\/#primaryimage"},"image":{"@id":"https:\/\/egytrafo.com\/fr\/press\/#primaryimage"},"thumbnailUrl":"https:\/\/egytrafo.com\/wp-content\/uploads\/2024\/07\/molt2a33.jpeg","datePublished":"2023-01-11T21:11:50+00:00","dateModified":"2025-05-18T08:54:42+00:00","breadcrumb":{"@id":"https:\/\/egytrafo.com\/fr\/press\/#breadcrumb"},"inLanguage":"fr-FR","potentialAction":[{"@type":"ReadAction","target":["https:\/\/egytrafo.com\/fr\/press\/"]}]},{"@type":"ImageObject","inLanguage":"fr-FR","@id":"https:\/\/egytrafo.com\/fr\/press\/#primaryimage","url":"https:\/\/egytrafo.com\/wp-content\/uploads\/2024\/07\/molt2a33.jpeg","contentUrl":"https:\/\/egytrafo.com\/wp-content\/uploads\/2024\/07\/molt2a33.jpeg"},{"@type":"BreadcrumbList","@id":"https:\/\/egytrafo.com\/fr\/press\/#breadcrumb","itemListElement":[{"@type":"ListItem","position":1,"name":"Home","item":"https:\/\/egytrafo.com\/fr\/"},{"@type":"ListItem","position":2,"name":"Communiqu\u00e9 de Presse"}]},{"@type":"WebSite","@id":"https:\/\/egytrafo.com\/#website","url":"https:\/\/egytrafo.com\/","name":"EGYTRAFO - Different Power Vision!","description":"Different Power Vision!","potentialAction":[{"@type":"SearchAction","target":{"@type":"EntryPoint","urlTemplate":"https:\/\/egytrafo.com\/?s={search_term_string}"},"query-input":{"@type":"PropertyValueSpecification","valueRequired":true,"valueName":"search_term_string"}}],"inLanguage":"fr-FR"}]}},"_links":{"self":[{"href":"https:\/\/egytrafo.com\/fr\/wp-json\/wp\/v2\/pages\/6576","targetHints":{"allow":["GET"]}}],"collection":[{"href":"https:\/\/egytrafo.com\/fr\/wp-json\/wp\/v2\/pages"}],"about":[{"href":"https:\/\/egytrafo.com\/fr\/wp-json\/wp\/v2\/types\/page"}],"author":[{"embeddable":true,"href":"https:\/\/egytrafo.com\/fr\/wp-json\/wp\/v2\/users\/6"}],"replies":[{"embeddable":true,"href":"https:\/\/egytrafo.com\/fr\/wp-json\/wp\/v2\/comments?post=6576"}],"version-history":[{"count":20,"href":"https:\/\/egytrafo.com\/fr\/wp-json\/wp\/v2\/pages\/6576\/revisions"}],"predecessor-version":[{"id":12380,"href":"https:\/\/egytrafo.com\/fr\/wp-json\/wp\/v2\/pages\/6576\/revisions\/12380"}],"wp:attachment":[{"href":"https:\/\/egytrafo.com\/fr\/wp-json\/wp\/v2\/media?parent=6576"}],"curies":[{"name":"wp","href":"https:\/\/api.w.org\/{rel}","templated":true}]}}