{"id":6582,"date":"2020-02-18T14:03:11","date_gmt":"2020-02-18T14:03:11","guid":{"rendered":"https:\/\/demos.soluspot.com\/egytrafo\/nickel-cadmium-batteries\/"},"modified":"2025-03-16T11:54:28","modified_gmt":"2025-03-16T11:54:28","slug":"nickel-cadmium-batteries-batteries-au-nickel-cadmium","status":"publish","type":"page","link":"https:\/\/egytrafo.com\/fr\/nickel-cadmium-batteries-batteries-au-nickel-cadmium\/","title":{"rendered":"Batteries au Nickel-Cadmium"},"content":{"rendered":"\t\t<div data-elementor-type=\"wp-page\" data-elementor-id=\"6582\" class=\"elementor elementor-6582 elementor-394\" data-elementor-post-type=\"page\">\n\t\t\t\t\t\t<section class=\"elementor-section elementor-top-section elementor-element elementor-element-6b857c83 elementor-section-stretched elementor-section-boxed elementor-section-height-default elementor-section-height-default\" data-id=\"6b857c83\" data-element_type=\"section\" data-e-type=\"section\" data-settings=\"{&quot;stretch_section&quot;:&quot;section-stretched&quot;}\">\n\t\t\t\t\t\t<div class=\"elementor-container elementor-column-gap-no\">\n\t\t\t\t\t<div class=\"elementor-column elementor-col-66 elementor-top-column elementor-element elementor-element-6d51bce3\" data-id=\"6d51bce3\" data-element_type=\"column\" data-e-type=\"column\">\n\t\t\t<div class=\"elementor-widget-wrap elementor-element-populated\">\n\t\t\t\t\t\t<section class=\"elementor-section elementor-inner-section elementor-element elementor-element-29d3694e elementor-section-boxed elementor-section-height-default elementor-section-height-default\" data-id=\"29d3694e\" data-element_type=\"section\" data-e-type=\"section\">\n\t\t\t\t\t\t<div class=\"elementor-container elementor-column-gap-no\">\n\t\t\t\t\t<div class=\"elementor-column elementor-col-100 elementor-inner-column elementor-element elementor-element-11929a05\" data-id=\"11929a05\" data-element_type=\"column\" data-e-type=\"column\">\n\t\t\t<div class=\"elementor-widget-wrap\">\n\t\t\t\t\t\t\t<\/div>\n\t\t<\/div>\n\t\t\t\t\t<\/div>\n\t\t<\/section>\n\t\t\t\t<section class=\"elementor-section elementor-inner-section elementor-element elementor-element-7d3df975 elementor-section-boxed elementor-section-height-default elementor-section-height-default\" data-id=\"7d3df975\" data-element_type=\"section\" data-e-type=\"section\">\n\t\t\t\t\t\t<div class=\"elementor-container elementor-column-gap-no\">\n\t\t\t\t\t<div class=\"elementor-column elementor-col-50 elementor-inner-column elementor-element elementor-element-3c354ff3\" data-id=\"3c354ff3\" data-element_type=\"column\" data-e-type=\"column\">\n\t\t\t<div class=\"elementor-widget-wrap elementor-element-populated\">\n\t\t\t\t\t\t<div class=\"elementor-element elementor-element-38aaa031 elementor-widget elementor-widget-image\" data-id=\"38aaa031\" data-element_type=\"widget\" data-e-type=\"widget\" data-widget_type=\"image.default\">\n\t\t\t\t<div class=\"elementor-widget-container\">\n\t\t\t\t\t\t\t\t\t\t\t\t\t\t\t<img fetchpriority=\"high\" decoding=\"async\" width=\"971\" height=\"798\" src=\"https:\/\/egytrafo.com\/wp-content\/uploads\/2024\/06\/0d997271-72dc-48ac-affa-e59cbb0a5cb5.jpg\" class=\"attachment-large size-large wp-image-8846\" alt=\"\u0628\u0637\u0627\u0631\u064a\u0627\u062a \u0646\u064a\u0643\u064a\u0644 \u0643\u0627\u062f\u0645\u064a\u0648\u0645 \nNi Cd\" srcset=\"https:\/\/egytrafo.com\/wp-content\/uploads\/2024\/06\/0d997271-72dc-48ac-affa-e59cbb0a5cb5.jpg 971w, https:\/\/egytrafo.com\/wp-content\/uploads\/2024\/06\/0d997271-72dc-48ac-affa-e59cbb0a5cb5-300x247.jpg 300w, https:\/\/egytrafo.com\/wp-content\/uploads\/2024\/06\/0d997271-72dc-48ac-affa-e59cbb0a5cb5-768x631.jpg 768w\" sizes=\"(max-width: 971px) 100vw, 971px\" \/>\t\t\t\t\t\t\t\t\t\t\t\t\t\t\t<\/div>\n\t\t\t\t<\/div>\n\t\t\t\t\t<\/div>\n\t\t<\/div>\n\t\t\t\t<div class=\"elementor-column elementor-col-50 elementor-inner-column elementor-element elementor-element-528c827d\" data-id=\"528c827d\" data-element_type=\"column\" data-e-type=\"column\">\n\t\t\t<div class=\"elementor-widget-wrap elementor-element-populated\">\n\t\t\t\t\t\t<div class=\"elementor-element elementor-element-299f9e7c elementor-widget elementor-widget-image\" data-id=\"299f9e7c\" data-element_type=\"widget\" data-e-type=\"widget\" data-widget_type=\"image.default\">\n\t\t\t\t<div class=\"elementor-widget-container\">\n\t\t\t\t\t\t\t\t\t\t\t\t\t\t\t<img decoding=\"async\" width=\"298\" height=\"300\" src=\"https:\/\/egytrafo.com\/wp-content\/uploads\/2024\/06\/57b11f15-e107-41b5-91f5-192b868118c4-298x300.jpg\" class=\"attachment-medium size-medium wp-image-8849\" alt=\"Ni Cd Batteries EGYTRAFO\" srcset=\"https:\/\/egytrafo.com\/wp-content\/uploads\/2024\/06\/57b11f15-e107-41b5-91f5-192b868118c4-298x300.jpg 298w, https:\/\/egytrafo.com\/wp-content\/uploads\/2024\/06\/57b11f15-e107-41b5-91f5-192b868118c4-150x150.jpg 150w, https:\/\/egytrafo.com\/wp-content\/uploads\/2024\/06\/57b11f15-e107-41b5-91f5-192b868118c4-768x773.jpg 768w, https:\/\/egytrafo.com\/wp-content\/uploads\/2024\/06\/57b11f15-e107-41b5-91f5-192b868118c4-90x90.jpg 90w, https:\/\/egytrafo.com\/wp-content\/uploads\/2024\/06\/57b11f15-e107-41b5-91f5-192b868118c4.jpg 980w\" sizes=\"(max-width: 298px) 100vw, 298px\" \/>\t\t\t\t\t\t\t\t\t\t\t\t\t\t\t<\/div>\n\t\t\t\t<\/div>\n\t\t\t\t\t<\/div>\n\t\t<\/div>\n\t\t\t\t\t<\/div>\n\t\t<\/section>\n\t\t\t\t<section class=\"elementor-section elementor-inner-section elementor-element elementor-element-332ddc31 elementor-section-boxed elementor-section-height-default elementor-section-height-default\" data-id=\"332ddc31\" data-element_type=\"section\" data-e-type=\"section\">\n\t\t\t\t\t\t<div class=\"elementor-container elementor-column-gap-no\">\n\t\t\t\t\t<div class=\"elementor-column elementor-col-100 elementor-inner-column elementor-element elementor-element-17f15bec\" data-id=\"17f15bec\" data-element_type=\"column\" data-e-type=\"column\">\n\t\t\t<div class=\"elementor-widget-wrap\">\n\t\t\t\t\t\t\t<\/div>\n\t\t<\/div>\n\t\t\t\t\t<\/div>\n\t\t<\/section>\n\t\t\t\t<section class=\"elementor-section elementor-inner-section elementor-element elementor-element-1f8450c8 elementor-section-boxed elementor-section-height-default elementor-section-height-default\" data-id=\"1f8450c8\" data-element_type=\"section\" data-e-type=\"section\">\n\t\t\t\t\t\t<div class=\"elementor-container elementor-column-gap-no\">\n\t\t\t\t\t<div class=\"elementor-column elementor-col-100 elementor-inner-column elementor-element elementor-element-17aa011c\" data-id=\"17aa011c\" data-element_type=\"column\" data-e-type=\"column\">\n\t\t\t<div class=\"elementor-widget-wrap\">\n\t\t\t\t\t\t\t<\/div>\n\t\t<\/div>\n\t\t\t\t\t<\/div>\n\t\t<\/section>\n\t\t\t\t<section class=\"elementor-section elementor-inner-section elementor-element elementor-element-100f19a0 elementor-section-boxed elementor-section-height-default elementor-section-height-default\" data-id=\"100f19a0\" data-element_type=\"section\" data-e-type=\"section\">\n\t\t\t\t\t\t<div class=\"elementor-container elementor-column-gap-no\">\n\t\t\t\t\t<div class=\"elementor-column elementor-col-100 elementor-inner-column elementor-element elementor-element-791cb71d\" data-id=\"791cb71d\" data-element_type=\"column\" data-e-type=\"column\">\n\t\t\t<div class=\"elementor-widget-wrap\">\n\t\t\t\t\t\t\t<\/div>\n\t\t<\/div>\n\t\t\t\t\t<\/div>\n\t\t<\/section>\n\t\t\t\t<section class=\"elementor-section elementor-inner-section elementor-element elementor-element-779bf4dc elementor-section-boxed elementor-section-height-default elementor-section-height-default\" data-id=\"779bf4dc\" data-element_type=\"section\" data-e-type=\"section\">\n\t\t\t\t\t\t<div class=\"elementor-container elementor-column-gap-no\">\n\t\t\t\t\t<div class=\"elementor-column elementor-col-100 elementor-inner-column elementor-element elementor-element-729f26f8\" data-id=\"729f26f8\" data-element_type=\"column\" data-e-type=\"column\">\n\t\t\t<div class=\"elementor-widget-wrap\">\n\t\t\t\t\t\t\t<\/div>\n\t\t<\/div>\n\t\t\t\t\t<\/div>\n\t\t<\/section>\n\t\t\t\t<section class=\"elementor-section elementor-inner-section elementor-element elementor-element-ee2596e elementor-section-boxed elementor-section-height-default elementor-section-height-default\" data-id=\"ee2596e\" data-element_type=\"section\" data-e-type=\"section\">\n\t\t\t\t\t\t<div class=\"elementor-container elementor-column-gap-no\">\n\t\t\t\t\t<div class=\"elementor-column elementor-col-50 elementor-inner-column elementor-element elementor-element-8259416\" data-id=\"8259416\" data-element_type=\"column\" data-e-type=\"column\" data-settings=\"{&quot;background_background&quot;:&quot;classic&quot;}\">\n\t\t\t<div class=\"elementor-widget-wrap elementor-element-populated\">\n\t\t\t\t\t\t<div class=\"elementor-element elementor-element-01a0c0d elementor-widget elementor-widget-image\" data-id=\"01a0c0d\" data-element_type=\"widget\" data-e-type=\"widget\" data-widget_type=\"image.default\">\n\t\t\t\t<div class=\"elementor-widget-container\">\n\t\t\t\t\t\t\t\t\t\t\t\t\t\t\t<img decoding=\"async\" width=\"1024\" height=\"442\" src=\"https:\/\/egytrafo.com\/wp-content\/uploads\/2023\/05\/EGYTRAFO-SUPPORT.svg\" class=\"attachment-large size-large wp-image-5534\" alt=\"EGYTRAFO SUPPORT\" \/>\t\t\t\t\t\t\t\t\t\t\t\t\t\t\t<\/div>\n\t\t\t\t<\/div>\n\t\t\t\t\t<\/div>\n\t\t<\/div>\n\t\t\t\t<div class=\"elementor-column elementor-col-50 elementor-inner-column elementor-element elementor-element-3d290b7\" data-id=\"3d290b7\" data-element_type=\"column\" data-e-type=\"column\" data-settings=\"{&quot;background_background&quot;:&quot;classic&quot;}\">\n\t\t\t<div class=\"elementor-widget-wrap\">\n\t\t\t\t\t\t\t<\/div>\n\t\t<\/div>\n\t\t\t\t\t<\/div>\n\t\t<\/section>\n\t\t\t\t\t<\/div>\n\t\t<\/div>\n\t\t\t\t<div class=\"elementor-column elementor-col-33 elementor-top-column elementor-element elementor-element-2012c8cf\" data-id=\"2012c8cf\" data-element_type=\"column\" data-e-type=\"column\">\n\t\t\t<div class=\"elementor-widget-wrap elementor-element-populated\">\n\t\t\t\t\t\t<section class=\"elementor-section elementor-inner-section elementor-element elementor-element-b124525 elementor-section-boxed elementor-section-height-default elementor-section-height-default\" data-id=\"b124525\" data-element_type=\"section\" data-e-type=\"section\">\n\t\t\t\t\t\t<div class=\"elementor-container elementor-column-gap-no\">\n\t\t\t\t\t<div class=\"elementor-column elementor-col-100 elementor-inner-column elementor-element elementor-element-f9030cf\" data-id=\"f9030cf\" data-element_type=\"column\" data-e-type=\"column\">\n\t\t\t<div class=\"elementor-widget-wrap\">\n\t\t\t\t\t\t\t<\/div>\n\t\t<\/div>\n\t\t\t\t\t<\/div>\n\t\t<\/section>\n\t\t\t\t<section class=\"elementor-section elementor-inner-section elementor-element elementor-element-0e817ef elementor-section-boxed elementor-section-height-default elementor-section-height-default\" data-id=\"0e817ef\" data-element_type=\"section\" data-e-type=\"section\">\n\t\t\t\t\t\t<div class=\"elementor-container elementor-column-gap-default\">\n\t\t\t\t\t<div class=\"elementor-column elementor-col-100 elementor-inner-column elementor-element elementor-element-aa9aff2\" data-id=\"aa9aff2\" data-element_type=\"column\" data-e-type=\"column\" data-settings=\"{&quot;background_background&quot;:&quot;classic&quot;}\">\n\t\t\t<div class=\"elementor-widget-wrap elementor-element-populated\">\n\t\t\t\t\t\t<div class=\"elementor-element elementor-element-a8d098e elementor-widget elementor-widget-heading\" data-id=\"a8d098e\" data-element_type=\"widget\" data-e-type=\"widget\" data-widget_type=\"heading.default\">\n\t\t\t\t<div class=\"elementor-widget-container\">\n\t\t\t\t\t<h2 class=\"elementor-heading-title elementor-size-default\"><a href=\"mailto:info@egytrafo.com\">info@egytrafo.com<\/a><\/h2>\t\t\t\t<\/div>\n\t\t\t\t<\/div>\n\t\t\t\t\t<\/div>\n\t\t<\/div>\n\t\t\t\t\t<\/div>\n\t\t<\/section>\n\t\t\t\t<section class=\"elementor-section elementor-inner-section elementor-element elementor-element-fa78a56 elementor-section-boxed elementor-section-height-default elementor-section-height-default\" data-id=\"fa78a56\" data-element_type=\"section\" data-e-type=\"section\">\n\t\t\t\t\t\t<div class=\"elementor-container elementor-column-gap-no\">\n\t\t\t\t\t<div class=\"elementor-column elementor-col-100 elementor-inner-column elementor-element elementor-element-1fecf7b\" data-id=\"1fecf7b\" data-element_type=\"column\" data-e-type=\"column\" data-settings=\"{&quot;background_background&quot;:&quot;classic&quot;}\">\n\t\t\t<div class=\"elementor-widget-wrap\">\n\t\t\t\t\t\t\t<\/div>\n\t\t<\/div>\n\t\t\t\t\t<\/div>\n\t\t<\/section>\n\t\t\t\t\t<\/div>\n\t\t<\/div>\n\t\t\t\t\t<\/div>\n\t\t<\/section>\n\t\t\t\t<\/div>\n\t\t","protected":false},"excerpt":{"rendered":"<p>Batteries Nickel-Cadmium Jusqu&rsquo;\u00e0 800 Ah (Les batteries Ni-Cd ou batteries Ni-Cad) sont le syst\u00e8me de batterie le plus fiable disponible sur le march\u00e9 aujourd&rsquo;hui. Il n&rsquo;est pas surprenant que la batterie nickel-cadmium soit devenue un choix \u00e9vident pour les utilisateurs recherchant une fiabilit\u00e9 totale, une longue dur\u00e9e de vie de [&hellip;]<\/p>\n","protected":false},"author":6,"featured_media":0,"parent":0,"menu_order":0,"comment_status":"closed","ping_status":"closed","template":"elementor_header_footer","meta":{"footnotes":""},"class_list":["post-6582","page","type-page","status-publish","hentry"],"yoast_head":"<!-- This site is optimized with the Yoast SEO plugin v27.1.1 - https:\/\/yoast.com\/product\/yoast-seo-wordpress\/ -->\n<title>Batteries au Nickel-Cadmium - EGYTRAFO - Different Power Vision!<\/title>\n<meta name=\"robots\" content=\"index, follow, max-snippet:-1, max-image-preview:large, max-video-preview:-1\" \/>\n<link rel=\"canonical\" href=\"https:\/\/egytrafo.com\/fr\/nickel-cadmium-batteries-batteries-au-nickel-cadmium\/\" \/>\n<meta property=\"og:locale\" content=\"fr_FR\" \/>\n<meta property=\"og:type\" content=\"article\" \/>\n<meta property=\"og:title\" content=\"Batteries au Nickel-Cadmium - EGYTRAFO - Different Power Vision!\" \/>\n<meta property=\"og:description\" content=\"Batteries Nickel-Cadmium Jusqu&rsquo;\u00e0 800 Ah (Les batteries Ni-Cd ou batteries Ni-Cad) sont le syst\u00e8me de batterie le plus fiable disponible sur le march\u00e9 aujourd&rsquo;hui. Il n&rsquo;est pas surprenant que la batterie nickel-cadmium soit devenue un choix \u00e9vident pour les utilisateurs recherchant une fiabilit\u00e9 totale, une longue dur\u00e9e de vie de [&hellip;]\" \/>\n<meta property=\"og:url\" content=\"https:\/\/egytrafo.com\/fr\/nickel-cadmium-batteries-batteries-au-nickel-cadmium\/\" \/>\n<meta property=\"og:site_name\" content=\"EGYTRAFO - Different Power Vision!\" \/>\n<meta property=\"article:modified_time\" content=\"2025-03-16T11:54:28+00:00\" \/>\n<meta property=\"og:image\" content=\"https:\/\/egytrafo.com\/wp-content\/uploads\/2024\/06\/0d997271-72dc-48ac-affa-e59cbb0a5cb5.jpg\" \/>\n\t<meta property=\"og:image:width\" content=\"971\" \/>\n\t<meta property=\"og:image:height\" content=\"798\" \/>\n\t<meta property=\"og:image:type\" content=\"image\/jpeg\" \/>\n<meta name=\"twitter:card\" content=\"summary_large_image\" \/>\n<meta name=\"twitter:label1\" content=\"Dur\u00e9e de lecture estim\u00e9e\" \/>\n\t<meta name=\"twitter:data1\" content=\"4 minutes\" \/>\n<script type=\"application\/ld+json\" class=\"yoast-schema-graph\">{\"@context\":\"https:\/\/schema.org\",\"@graph\":[{\"@type\":\"WebPage\",\"@id\":\"https:\/\/egytrafo.com\/fr\/nickel-cadmium-batteries-batteries-au-nickel-cadmium\/\",\"url\":\"https:\/\/egytrafo.com\/fr\/nickel-cadmium-batteries-batteries-au-nickel-cadmium\/\",\"name\":\"Batteries au Nickel-Cadmium - EGYTRAFO - Different Power Vision!\",\"isPartOf\":{\"@id\":\"https:\/\/egytrafo.com\/#website\"},\"primaryImageOfPage\":{\"@id\":\"https:\/\/egytrafo.com\/fr\/nickel-cadmium-batteries-batteries-au-nickel-cadmium\/#primaryimage\"},\"image\":{\"@id\":\"https:\/\/egytrafo.com\/fr\/nickel-cadmium-batteries-batteries-au-nickel-cadmium\/#primaryimage\"},\"thumbnailUrl\":\"https:\/\/egytrafo.com\/wp-content\/uploads\/2024\/06\/0d997271-72dc-48ac-affa-e59cbb0a5cb5.jpg\",\"datePublished\":\"2020-02-18T14:03:11+00:00\",\"dateModified\":\"2025-03-16T11:54:28+00:00\",\"breadcrumb\":{\"@id\":\"https:\/\/egytrafo.com\/fr\/nickel-cadmium-batteries-batteries-au-nickel-cadmium\/#breadcrumb\"},\"inLanguage\":\"fr-FR\",\"potentialAction\":[{\"@type\":\"ReadAction\",\"target\":[\"https:\/\/egytrafo.com\/fr\/nickel-cadmium-batteries-batteries-au-nickel-cadmium\/\"]}]},{\"@type\":\"ImageObject\",\"inLanguage\":\"fr-FR\",\"@id\":\"https:\/\/egytrafo.com\/fr\/nickel-cadmium-batteries-batteries-au-nickel-cadmium\/#primaryimage\",\"url\":\"https:\/\/egytrafo.com\/wp-content\/uploads\/2024\/06\/0d997271-72dc-48ac-affa-e59cbb0a5cb5.jpg\",\"contentUrl\":\"https:\/\/egytrafo.com\/wp-content\/uploads\/2024\/06\/0d997271-72dc-48ac-affa-e59cbb0a5cb5.jpg\"},{\"@type\":\"BreadcrumbList\",\"@id\":\"https:\/\/egytrafo.com\/fr\/nickel-cadmium-batteries-batteries-au-nickel-cadmium\/#breadcrumb\",\"itemListElement\":[{\"@type\":\"ListItem\",\"position\":1,\"name\":\"Home\",\"item\":\"https:\/\/egytrafo.com\/fr\/\"},{\"@type\":\"ListItem\",\"position\":2,\"name\":\"Batteries au Nickel-Cadmium\"}]},{\"@type\":\"WebSite\",\"@id\":\"https:\/\/egytrafo.com\/#website\",\"url\":\"https:\/\/egytrafo.com\/\",\"name\":\"EGYTRAFO - Different Power Vision!\",\"description\":\"Different Power Vision!\",\"potentialAction\":[{\"@type\":\"SearchAction\",\"target\":{\"@type\":\"EntryPoint\",\"urlTemplate\":\"https:\/\/egytrafo.com\/?s={search_term_string}\"},\"query-input\":{\"@type\":\"PropertyValueSpecification\",\"valueRequired\":true,\"valueName\":\"search_term_string\"}}],\"inLanguage\":\"fr-FR\"}]}<\/script>\n<!-- \/ Yoast SEO plugin. -->","yoast_head_json":{"title":"Batteries au Nickel-Cadmium - EGYTRAFO - Different Power Vision!","robots":{"index":"index","follow":"follow","max-snippet":"max-snippet:-1","max-image-preview":"max-image-preview:large","max-video-preview":"max-video-preview:-1"},"canonical":"https:\/\/egytrafo.com\/fr\/nickel-cadmium-batteries-batteries-au-nickel-cadmium\/","og_locale":"fr_FR","og_type":"article","og_title":"Batteries au Nickel-Cadmium - EGYTRAFO - Different Power Vision!","og_description":"Batteries Nickel-Cadmium Jusqu&rsquo;\u00e0 800 Ah (Les batteries Ni-Cd ou batteries Ni-Cad) sont le syst\u00e8me de batterie le plus fiable disponible sur le march\u00e9 aujourd&rsquo;hui. Il n&rsquo;est pas surprenant que la batterie nickel-cadmium soit devenue un choix \u00e9vident pour les utilisateurs recherchant une fiabilit\u00e9 totale, une longue dur\u00e9e de vie de [&hellip;]","og_url":"https:\/\/egytrafo.com\/fr\/nickel-cadmium-batteries-batteries-au-nickel-cadmium\/","og_site_name":"EGYTRAFO - Different Power Vision!","article_modified_time":"2025-03-16T11:54:28+00:00","og_image":[{"width":971,"height":798,"url":"https:\/\/egytrafo.com\/wp-content\/uploads\/2024\/06\/0d997271-72dc-48ac-affa-e59cbb0a5cb5.jpg","type":"image\/jpeg"}],"twitter_card":"summary_large_image","twitter_misc":{"Dur\u00e9e de lecture estim\u00e9e":"4 minutes"},"schema":{"@context":"https:\/\/schema.org","@graph":[{"@type":"WebPage","@id":"https:\/\/egytrafo.com\/fr\/nickel-cadmium-batteries-batteries-au-nickel-cadmium\/","url":"https:\/\/egytrafo.com\/fr\/nickel-cadmium-batteries-batteries-au-nickel-cadmium\/","name":"Batteries au Nickel-Cadmium - EGYTRAFO - Different Power Vision!","isPartOf":{"@id":"https:\/\/egytrafo.com\/#website"},"primaryImageOfPage":{"@id":"https:\/\/egytrafo.com\/fr\/nickel-cadmium-batteries-batteries-au-nickel-cadmium\/#primaryimage"},"image":{"@id":"https:\/\/egytrafo.com\/fr\/nickel-cadmium-batteries-batteries-au-nickel-cadmium\/#primaryimage"},"thumbnailUrl":"https:\/\/egytrafo.com\/wp-content\/uploads\/2024\/06\/0d997271-72dc-48ac-affa-e59cbb0a5cb5.jpg","datePublished":"2020-02-18T14:03:11+00:00","dateModified":"2025-03-16T11:54:28+00:00","breadcrumb":{"@id":"https:\/\/egytrafo.com\/fr\/nickel-cadmium-batteries-batteries-au-nickel-cadmium\/#breadcrumb"},"inLanguage":"fr-FR","potentialAction":[{"@type":"ReadAction","target":["https:\/\/egytrafo.com\/fr\/nickel-cadmium-batteries-batteries-au-nickel-cadmium\/"]}]},{"@type":"ImageObject","inLanguage":"fr-FR","@id":"https:\/\/egytrafo.com\/fr\/nickel-cadmium-batteries-batteries-au-nickel-cadmium\/#primaryimage","url":"https:\/\/egytrafo.com\/wp-content\/uploads\/2024\/06\/0d997271-72dc-48ac-affa-e59cbb0a5cb5.jpg","contentUrl":"https:\/\/egytrafo.com\/wp-content\/uploads\/2024\/06\/0d997271-72dc-48ac-affa-e59cbb0a5cb5.jpg"},{"@type":"BreadcrumbList","@id":"https:\/\/egytrafo.com\/fr\/nickel-cadmium-batteries-batteries-au-nickel-cadmium\/#breadcrumb","itemListElement":[{"@type":"ListItem","position":1,"name":"Home","item":"https:\/\/egytrafo.com\/fr\/"},{"@type":"ListItem","position":2,"name":"Batteries au Nickel-Cadmium"}]},{"@type":"WebSite","@id":"https:\/\/egytrafo.com\/#website","url":"https:\/\/egytrafo.com\/","name":"EGYTRAFO - Different Power Vision!","description":"Different Power Vision!","potentialAction":[{"@type":"SearchAction","target":{"@type":"EntryPoint","urlTemplate":"https:\/\/egytrafo.com\/?s={search_term_string}"},"query-input":{"@type":"PropertyValueSpecification","valueRequired":true,"valueName":"search_term_string"}}],"inLanguage":"fr-FR"}]}},"_links":{"self":[{"href":"https:\/\/egytrafo.com\/fr\/wp-json\/wp\/v2\/pages\/6582","targetHints":{"allow":["GET"]}}],"collection":[{"href":"https:\/\/egytrafo.com\/fr\/wp-json\/wp\/v2\/pages"}],"about":[{"href":"https:\/\/egytrafo.com\/fr\/wp-json\/wp\/v2\/types\/page"}],"author":[{"embeddable":true,"href":"https:\/\/egytrafo.com\/fr\/wp-json\/wp\/v2\/users\/6"}],"replies":[{"embeddable":true,"href":"https:\/\/egytrafo.com\/fr\/wp-json\/wp\/v2\/comments?post=6582"}],"version-history":[{"count":48,"href":"https:\/\/egytrafo.com\/fr\/wp-json\/wp\/v2\/pages\/6582\/revisions"}],"predecessor-version":[{"id":12095,"href":"https:\/\/egytrafo.com\/fr\/wp-json\/wp\/v2\/pages\/6582\/revisions\/12095"}],"wp:attachment":[{"href":"https:\/\/egytrafo.com\/fr\/wp-json\/wp\/v2\/media?parent=6582"}],"curies":[{"name":"wp","href":"https:\/\/api.w.org\/{rel}","templated":true}]}}