{"id":6584,"date":"2020-02-18T14:02:50","date_gmt":"2020-02-18T14:02:50","guid":{"rendered":"https:\/\/demos.soluspot.com\/egytrafo\/oil-transformers\/"},"modified":"2025-12-30T08:47:57","modified_gmt":"2025-12-30T08:47:57","slug":"oil-transformers","status":"publish","type":"page","link":"https:\/\/egytrafo.com\/fr\/oil-transformers\/","title":{"rendered":"Transformateurs \u00e0 Huile"},"content":{"rendered":"\t\t<div data-elementor-type=\"wp-page\" data-elementor-id=\"6584\" class=\"elementor elementor-6584 elementor-392\" data-elementor-post-type=\"page\">\n\t\t\t\t\t\t<section class=\"elementor-section elementor-top-section elementor-element elementor-element-62f31165 elementor-section-stretched elementor-section-boxed elementor-section-height-default elementor-section-height-default\" data-id=\"62f31165\" data-element_type=\"section\" data-e-type=\"section\" data-settings=\"{&quot;stretch_section&quot;:&quot;section-stretched&quot;}\">\n\t\t\t\t\t\t<div class=\"elementor-container elementor-column-gap-no\">\n\t\t\t\t\t<div class=\"elementor-column elementor-col-66 elementor-top-column elementor-element elementor-element-258630fd\" data-id=\"258630fd\" data-element_type=\"column\" data-e-type=\"column\">\n\t\t\t<div class=\"elementor-widget-wrap elementor-element-populated\">\n\t\t\t\t\t\t<section class=\"elementor-section elementor-inner-section elementor-element elementor-element-187e17a0 elementor-section-boxed elementor-section-height-default elementor-section-height-default\" data-id=\"187e17a0\" data-element_type=\"section\" data-e-type=\"section\">\n\t\t\t\t\t\t<div class=\"elementor-container elementor-column-gap-no\">\n\t\t\t\t\t<div class=\"elementor-column elementor-col-100 elementor-inner-column elementor-element elementor-element-329a6113\" data-id=\"329a6113\" data-element_type=\"column\" data-e-type=\"column\">\n\t\t\t<div class=\"elementor-widget-wrap\">\n\t\t\t\t\t\t\t<\/div>\n\t\t<\/div>\n\t\t\t\t\t<\/div>\n\t\t<\/section>\n\t\t\t\t<section class=\"elementor-section elementor-inner-section elementor-element elementor-element-7c129a87 elementor-section-boxed elementor-section-height-default elementor-section-height-default\" data-id=\"7c129a87\" data-element_type=\"section\" data-e-type=\"section\">\n\t\t\t\t\t\t<div class=\"elementor-container elementor-column-gap-no\">\n\t\t\t\t\t<div class=\"elementor-column elementor-col-50 elementor-inner-column elementor-element elementor-element-563d23cd\" data-id=\"563d23cd\" data-element_type=\"column\" data-e-type=\"column\">\n\t\t\t<div class=\"elementor-widget-wrap elementor-element-populated\">\n\t\t\t\t\t\t<div class=\"elementor-element elementor-element-4b31deda elementor-widget elementor-widget-image\" data-id=\"4b31deda\" data-element_type=\"widget\" data-e-type=\"widget\" data-widget_type=\"image.default\">\n\t\t\t\t<div class=\"elementor-widget-container\">\n\t\t\t\t\t\t\t\t\t\t\t\t\t\t\t<img fetchpriority=\"high\" decoding=\"async\" width=\"538\" height=\"666\" src=\"https:\/\/egytrafo.com\/wp-content\/uploads\/2024\/04\/EGYTRAFO-Oil-Transformes-\u0645\u062d\u0648\u0644-\u0632\u064a\u062a.bmp\" class=\"attachment-large size-large wp-image-8232\" alt=\"Egytrafo Oil Transformer\" \/>\t\t\t\t\t\t\t\t\t\t\t\t\t\t\t<\/div>\n\t\t\t\t<\/div>\n\t\t\t\t\t<\/div>\n\t\t<\/div>\n\t\t\t\t<div class=\"elementor-column elementor-col-50 elementor-inner-column elementor-element elementor-element-232c58e\" data-id=\"232c58e\" data-element_type=\"column\" data-e-type=\"column\">\n\t\t\t<div class=\"elementor-widget-wrap elementor-element-populated\">\n\t\t\t\t\t\t<div class=\"elementor-element elementor-element-2abfb0e3 elementor-widget elementor-widget-image\" data-id=\"2abfb0e3\" data-element_type=\"widget\" data-e-type=\"widget\" data-widget_type=\"image.default\">\n\t\t\t\t<div class=\"elementor-widget-container\">\n\t\t\t\t\t\t\t\t\t\t\t\t\t\t\t<img decoding=\"async\" width=\"248\" height=\"267\" src=\"https:\/\/egytrafo.com\/wp-content\/uploads\/2024\/04\/EGYTRAFO-Oil-Transformes-\u0645\u062d\u0648\u0644-\u0632\u064a\u062a-2.bmp\" class=\"attachment-large size-large wp-image-8239\" alt=\"EGYTRAFO oil transformers displayed in a manufacturing facility, showcasing their robust construction and design\" \/>\t\t\t\t\t\t\t\t\t\t\t\t\t\t\t<\/div>\n\t\t\t\t<\/div>\n\t\t\t\t\t<\/div>\n\t\t<\/div>\n\t\t\t\t\t<\/div>\n\t\t<\/section>\n\t\t\t\t<section class=\"elementor-section elementor-inner-section elementor-element elementor-element-3882c0ff elementor-section-boxed elementor-section-height-default elementor-section-height-default\" data-id=\"3882c0ff\" data-element_type=\"section\" data-e-type=\"section\">\n\t\t\t\t\t\t<div class=\"elementor-container elementor-column-gap-no\">\n\t\t\t\t\t<div class=\"elementor-column elementor-col-100 elementor-inner-column elementor-element elementor-element-45227c8d\" data-id=\"45227c8d\" data-element_type=\"column\" data-e-type=\"column\">\n\t\t\t<div class=\"elementor-widget-wrap\">\n\t\t\t\t\t\t\t<\/div>\n\t\t<\/div>\n\t\t\t\t\t<\/div>\n\t\t<\/section>\n\t\t\t\t<section class=\"elementor-section elementor-inner-section elementor-element elementor-element-7f2f7bf1 elementor-section-boxed elementor-section-height-default elementor-section-height-default\" data-id=\"7f2f7bf1\" data-element_type=\"section\" data-e-type=\"section\">\n\t\t\t\t\t\t<div class=\"elementor-container elementor-column-gap-no\">\n\t\t\t\t\t<div class=\"elementor-column elementor-col-50 elementor-inner-column elementor-element elementor-element-5a16051a\" data-id=\"5a16051a\" data-element_type=\"column\" data-e-type=\"column\">\n\t\t\t<div class=\"elementor-widget-wrap\">\n\t\t\t\t\t\t\t<\/div>\n\t\t<\/div>\n\t\t\t\t<div class=\"elementor-column elementor-col-50 elementor-inner-column elementor-element elementor-element-6f430f2f\" data-id=\"6f430f2f\" data-element_type=\"column\" data-e-type=\"column\">\n\t\t\t<div class=\"elementor-widget-wrap\">\n\t\t\t\t\t\t\t<\/div>\n\t\t<\/div>\n\t\t\t\t\t<\/div>\n\t\t<\/section>\n\t\t\t\t<section class=\"elementor-section elementor-inner-section elementor-element elementor-element-47f73a51 elementor-section-boxed elementor-section-height-default elementor-section-height-default\" data-id=\"47f73a51\" data-element_type=\"section\" data-e-type=\"section\">\n\t\t\t\t\t\t<div class=\"elementor-container elementor-column-gap-no\">\n\t\t\t\t\t<div class=\"elementor-column elementor-col-100 elementor-inner-column elementor-element elementor-element-51a23788\" data-id=\"51a23788\" data-element_type=\"column\" data-e-type=\"column\">\n\t\t\t<div class=\"elementor-widget-wrap\">\n\t\t\t\t\t\t\t<\/div>\n\t\t<\/div>\n\t\t\t\t\t<\/div>\n\t\t<\/section>\n\t\t\t\t<section class=\"elementor-section elementor-inner-section elementor-element elementor-element-679c4ad elementor-section-boxed elementor-section-height-default elementor-section-height-default\" data-id=\"679c4ad\" data-element_type=\"section\" data-e-type=\"section\">\n\t\t\t\t\t\t<div class=\"elementor-container elementor-column-gap-no\">\n\t\t\t\t\t<div class=\"elementor-column elementor-col-100 elementor-inner-column elementor-element elementor-element-3264d509\" data-id=\"3264d509\" data-element_type=\"column\" data-e-type=\"column\" data-settings=\"{&quot;background_background&quot;:&quot;classic&quot;}\">\n\t\t\t<div class=\"elementor-widget-wrap\">\n\t\t\t\t\t\t\t<\/div>\n\t\t<\/div>\n\t\t\t\t\t<\/div>\n\t\t<\/section>\n\t\t\t\t<section class=\"elementor-section elementor-inner-section elementor-element elementor-element-bcba952 elementor-section-boxed elementor-section-height-default elementor-section-height-default\" data-id=\"bcba952\" data-element_type=\"section\" data-e-type=\"section\">\n\t\t\t\t\t\t<div class=\"elementor-container elementor-column-gap-no\">\n\t\t\t\t\t<div class=\"elementor-column elementor-col-50 elementor-inner-column elementor-element elementor-element-65614959\" data-id=\"65614959\" data-element_type=\"column\" data-e-type=\"column\" data-settings=\"{&quot;background_background&quot;:&quot;classic&quot;}\">\n\t\t\t<div class=\"elementor-widget-wrap elementor-element-populated\">\n\t\t\t\t\t\t<div class=\"elementor-element elementor-element-6dd4c37a elementor-widget elementor-widget-image\" data-id=\"6dd4c37a\" data-element_type=\"widget\" data-e-type=\"widget\" data-widget_type=\"image.default\">\n\t\t\t\t<div class=\"elementor-widget-container\">\n\t\t\t\t\t\t\t\t\t\t\t\t\t\t\t<img decoding=\"async\" width=\"1024\" height=\"442\" src=\"https:\/\/egytrafo.com\/wp-content\/uploads\/2023\/05\/EGYTRAFO-SUPPORT.svg\" class=\"attachment-large size-large wp-image-5534\" alt=\"EGYTRAFO SUPPORT\" \/>\t\t\t\t\t\t\t\t\t\t\t\t\t\t\t<\/div>\n\t\t\t\t<\/div>\n\t\t\t\t\t<\/div>\n\t\t<\/div>\n\t\t\t\t<div class=\"elementor-column elementor-col-50 elementor-inner-column elementor-element elementor-element-ce32b31\" data-id=\"ce32b31\" data-element_type=\"column\" data-e-type=\"column\" data-settings=\"{&quot;background_background&quot;:&quot;classic&quot;}\">\n\t\t\t<div class=\"elementor-widget-wrap\">\n\t\t\t\t\t\t\t<\/div>\n\t\t<\/div>\n\t\t\t\t\t<\/div>\n\t\t<\/section>\n\t\t\t\t\t<\/div>\n\t\t<\/div>\n\t\t\t\t<div class=\"elementor-column elementor-col-33 elementor-top-column elementor-element elementor-element-5b5eebce\" data-id=\"5b5eebce\" data-element_type=\"column\" data-e-type=\"column\">\n\t\t\t<div class=\"elementor-widget-wrap elementor-element-populated\">\n\t\t\t\t\t\t<section class=\"elementor-section elementor-inner-section elementor-element elementor-element-58209210 elementor-section-boxed elementor-section-height-default elementor-section-height-default\" data-id=\"58209210\" data-element_type=\"section\" data-e-type=\"section\">\n\t\t\t\t\t\t<div class=\"elementor-container elementor-column-gap-no\">\n\t\t\t\t\t<div class=\"elementor-column elementor-col-100 elementor-inner-column elementor-element elementor-element-48d7cad8\" data-id=\"48d7cad8\" data-element_type=\"column\" data-e-type=\"column\">\n\t\t\t<div class=\"elementor-widget-wrap\">\n\t\t\t\t\t\t\t<\/div>\n\t\t<\/div>\n\t\t\t\t\t<\/div>\n\t\t<\/section>\n\t\t\t\t<section class=\"elementor-section elementor-inner-section elementor-element elementor-element-e60adf9 elementor-section-boxed elementor-section-height-default elementor-section-height-default\" data-id=\"e60adf9\" data-element_type=\"section\" data-e-type=\"section\">\n\t\t\t\t\t\t<div class=\"elementor-container elementor-column-gap-default\">\n\t\t\t\t\t<div class=\"elementor-column elementor-col-100 elementor-inner-column elementor-element elementor-element-2e5db5de\" data-id=\"2e5db5de\" data-element_type=\"column\" data-e-type=\"column\" data-settings=\"{&quot;background_background&quot;:&quot;classic&quot;}\">\n\t\t\t<div class=\"elementor-widget-wrap elementor-element-populated\">\n\t\t\t\t\t\t<div class=\"elementor-element elementor-element-1409a9b3 elementor-widget elementor-widget-heading\" data-id=\"1409a9b3\" data-element_type=\"widget\" data-e-type=\"widget\" data-widget_type=\"heading.default\">\n\t\t\t\t<div class=\"elementor-widget-container\">\n\t\t\t\t\t<h2 class=\"elementor-heading-title elementor-size-default\"><a href=\"mailto:info@egytrafo.com\">info@egytrafo.com<\/a><\/h2>\t\t\t\t<\/div>\n\t\t\t\t<\/div>\n\t\t\t\t\t<\/div>\n\t\t<\/div>\n\t\t\t\t\t<\/div>\n\t\t<\/section>\n\t\t\t\t<section class=\"elementor-section elementor-inner-section elementor-element elementor-element-f57f1a elementor-section-boxed elementor-section-height-default elementor-section-height-default\" data-id=\"f57f1a\" data-element_type=\"section\" data-e-type=\"section\">\n\t\t\t\t\t\t<div class=\"elementor-container elementor-column-gap-no\">\n\t\t\t\t\t<div class=\"elementor-column elementor-col-100 elementor-inner-column elementor-element elementor-element-2a705065\" data-id=\"2a705065\" data-element_type=\"column\" data-e-type=\"column\" data-settings=\"{&quot;background_background&quot;:&quot;classic&quot;}\">\n\t\t\t<div class=\"elementor-widget-wrap\">\n\t\t\t\t\t\t\t<\/div>\n\t\t<\/div>\n\t\t\t\t\t<\/div>\n\t\t<\/section>\n\t\t\t\t\t<\/div>\n\t\t<\/div>\n\t\t\t\t\t<\/div>\n\t\t<\/section>\n\t\t\t\t<\/div>\n\t\t","protected":false},"excerpt":{"rendered":"<p>Transformateurs \u00e0 huile Con\u00e7us pour fournir une puissance continue maximale sans d\u00e9passer la limite d&rsquo;\u00e9l\u00e9vation de temp\u00e9rature et r\u00e9sister aux surcharges conform\u00e9ment \u00e0 la norme IEC &#8211; 60354. Transformateur immerg\u00e9 dans l&rsquo;huile Transformateurs de distribution standard De 25 KVA \u00e0 3500 KVA avec un groupe de vecteurs Dyn 11 Transformateurs [&hellip;]<\/p>\n","protected":false},"author":6,"featured_media":0,"parent":0,"menu_order":0,"comment_status":"closed","ping_status":"closed","template":"elementor_header_footer","meta":{"footnotes":""},"class_list":["post-6584","page","type-page","status-publish","hentry"],"yoast_head":"<!-- This site is optimized with the Yoast SEO plugin v27.1.1 - https:\/\/yoast.com\/product\/yoast-seo-wordpress\/ -->\n<title>Transformateurs \u00e0 Huile - EGYTRAFO - Different Power Vision!<\/title>\n<meta name=\"robots\" content=\"index, follow, max-snippet:-1, max-image-preview:large, max-video-preview:-1\" \/>\n<link rel=\"canonical\" href=\"https:\/\/egytrafo.com\/fr\/oil-transformers\/\" \/>\n<meta property=\"og:locale\" content=\"fr_FR\" \/>\n<meta property=\"og:type\" content=\"article\" \/>\n<meta property=\"og:title\" content=\"Transformateurs \u00e0 Huile - EGYTRAFO - Different Power Vision!\" \/>\n<meta property=\"og:description\" content=\"Transformateurs \u00e0 huile Con\u00e7us pour fournir une puissance continue maximale sans d\u00e9passer la limite d&rsquo;\u00e9l\u00e9vation de temp\u00e9rature et r\u00e9sister aux surcharges conform\u00e9ment \u00e0 la norme IEC &#8211; 60354. Transformateur immerg\u00e9 dans l&rsquo;huile Transformateurs de distribution standard De 25 KVA \u00e0 3500 KVA avec un groupe de vecteurs Dyn 11 Transformateurs [&hellip;]\" \/>\n<meta property=\"og:url\" content=\"https:\/\/egytrafo.com\/fr\/oil-transformers\/\" \/>\n<meta property=\"og:site_name\" content=\"EGYTRAFO - Different Power Vision!\" \/>\n<meta property=\"article:modified_time\" content=\"2025-12-30T08:47:57+00:00\" \/>\n<meta property=\"og:image\" content=\"https:\/\/egytrafo.com\/wp-content\/uploads\/2023\/01\/TECHNOLOGY-transformers.jpg\" \/>\n<meta name=\"twitter:card\" content=\"summary_large_image\" \/>\n<meta name=\"twitter:label1\" content=\"Dur\u00e9e de lecture estim\u00e9e\" \/>\n\t<meta name=\"twitter:data1\" content=\"4 minutes\" \/>\n<script type=\"application\/ld+json\" class=\"yoast-schema-graph\">{\"@context\":\"https:\/\/schema.org\",\"@graph\":[{\"@type\":\"WebPage\",\"@id\":\"https:\/\/egytrafo.com\/fr\/oil-transformers\/\",\"url\":\"https:\/\/egytrafo.com\/fr\/oil-transformers\/\",\"name\":\"Transformateurs \u00e0 Huile - EGYTRAFO - Different Power Vision!\",\"isPartOf\":{\"@id\":\"https:\/\/egytrafo.com\/#website\"},\"primaryImageOfPage\":{\"@id\":\"https:\/\/egytrafo.com\/fr\/oil-transformers\/#primaryimage\"},\"image\":{\"@id\":\"https:\/\/egytrafo.com\/fr\/oil-transformers\/#primaryimage\"},\"thumbnailUrl\":\"https:\/\/egytrafo.com\/wp-content\/uploads\/2023\/01\/TECHNOLOGY-transformers.jpg\",\"datePublished\":\"2020-02-18T14:02:50+00:00\",\"dateModified\":\"2025-12-30T08:47:57+00:00\",\"breadcrumb\":{\"@id\":\"https:\/\/egytrafo.com\/fr\/oil-transformers\/#breadcrumb\"},\"inLanguage\":\"fr-FR\",\"potentialAction\":[{\"@type\":\"ReadAction\",\"target\":[\"https:\/\/egytrafo.com\/fr\/oil-transformers\/\"]}]},{\"@type\":\"ImageObject\",\"inLanguage\":\"fr-FR\",\"@id\":\"https:\/\/egytrafo.com\/fr\/oil-transformers\/#primaryimage\",\"url\":\"https:\/\/egytrafo.com\/wp-content\/uploads\/2023\/01\/TECHNOLOGY-transformers.jpg\",\"contentUrl\":\"https:\/\/egytrafo.com\/wp-content\/uploads\/2023\/01\/TECHNOLOGY-transformers.jpg\"},{\"@type\":\"BreadcrumbList\",\"@id\":\"https:\/\/egytrafo.com\/fr\/oil-transformers\/#breadcrumb\",\"itemListElement\":[{\"@type\":\"ListItem\",\"position\":1,\"name\":\"Home\",\"item\":\"https:\/\/egytrafo.com\/fr\/\"},{\"@type\":\"ListItem\",\"position\":2,\"name\":\"Transformateurs \u00e0 Huile\"}]},{\"@type\":\"WebSite\",\"@id\":\"https:\/\/egytrafo.com\/#website\",\"url\":\"https:\/\/egytrafo.com\/\",\"name\":\"EGYTRAFO - Different Power Vision!\",\"description\":\"Different Power Vision!\",\"potentialAction\":[{\"@type\":\"SearchAction\",\"target\":{\"@type\":\"EntryPoint\",\"urlTemplate\":\"https:\/\/egytrafo.com\/?s={search_term_string}\"},\"query-input\":{\"@type\":\"PropertyValueSpecification\",\"valueRequired\":true,\"valueName\":\"search_term_string\"}}],\"inLanguage\":\"fr-FR\"}]}<\/script>\n<!-- \/ Yoast SEO plugin. -->","yoast_head_json":{"title":"Transformateurs \u00e0 Huile - EGYTRAFO - Different Power Vision!","robots":{"index":"index","follow":"follow","max-snippet":"max-snippet:-1","max-image-preview":"max-image-preview:large","max-video-preview":"max-video-preview:-1"},"canonical":"https:\/\/egytrafo.com\/fr\/oil-transformers\/","og_locale":"fr_FR","og_type":"article","og_title":"Transformateurs \u00e0 Huile - EGYTRAFO - Different Power Vision!","og_description":"Transformateurs \u00e0 huile Con\u00e7us pour fournir une puissance continue maximale sans d\u00e9passer la limite d&rsquo;\u00e9l\u00e9vation de temp\u00e9rature et r\u00e9sister aux surcharges conform\u00e9ment \u00e0 la norme IEC &#8211; 60354. Transformateur immerg\u00e9 dans l&rsquo;huile Transformateurs de distribution standard De 25 KVA \u00e0 3500 KVA avec un groupe de vecteurs Dyn 11 Transformateurs [&hellip;]","og_url":"https:\/\/egytrafo.com\/fr\/oil-transformers\/","og_site_name":"EGYTRAFO - Different Power Vision!","article_modified_time":"2025-12-30T08:47:57+00:00","og_image":[{"url":"https:\/\/egytrafo.com\/wp-content\/uploads\/2023\/01\/TECHNOLOGY-transformers.jpg","type":"","width":"","height":""}],"twitter_card":"summary_large_image","twitter_misc":{"Dur\u00e9e de lecture estim\u00e9e":"4 minutes"},"schema":{"@context":"https:\/\/schema.org","@graph":[{"@type":"WebPage","@id":"https:\/\/egytrafo.com\/fr\/oil-transformers\/","url":"https:\/\/egytrafo.com\/fr\/oil-transformers\/","name":"Transformateurs \u00e0 Huile - EGYTRAFO - Different Power Vision!","isPartOf":{"@id":"https:\/\/egytrafo.com\/#website"},"primaryImageOfPage":{"@id":"https:\/\/egytrafo.com\/fr\/oil-transformers\/#primaryimage"},"image":{"@id":"https:\/\/egytrafo.com\/fr\/oil-transformers\/#primaryimage"},"thumbnailUrl":"https:\/\/egytrafo.com\/wp-content\/uploads\/2023\/01\/TECHNOLOGY-transformers.jpg","datePublished":"2020-02-18T14:02:50+00:00","dateModified":"2025-12-30T08:47:57+00:00","breadcrumb":{"@id":"https:\/\/egytrafo.com\/fr\/oil-transformers\/#breadcrumb"},"inLanguage":"fr-FR","potentialAction":[{"@type":"ReadAction","target":["https:\/\/egytrafo.com\/fr\/oil-transformers\/"]}]},{"@type":"ImageObject","inLanguage":"fr-FR","@id":"https:\/\/egytrafo.com\/fr\/oil-transformers\/#primaryimage","url":"https:\/\/egytrafo.com\/wp-content\/uploads\/2023\/01\/TECHNOLOGY-transformers.jpg","contentUrl":"https:\/\/egytrafo.com\/wp-content\/uploads\/2023\/01\/TECHNOLOGY-transformers.jpg"},{"@type":"BreadcrumbList","@id":"https:\/\/egytrafo.com\/fr\/oil-transformers\/#breadcrumb","itemListElement":[{"@type":"ListItem","position":1,"name":"Home","item":"https:\/\/egytrafo.com\/fr\/"},{"@type":"ListItem","position":2,"name":"Transformateurs \u00e0 Huile"}]},{"@type":"WebSite","@id":"https:\/\/egytrafo.com\/#website","url":"https:\/\/egytrafo.com\/","name":"EGYTRAFO - Different Power Vision!","description":"Different Power Vision!","potentialAction":[{"@type":"SearchAction","target":{"@type":"EntryPoint","urlTemplate":"https:\/\/egytrafo.com\/?s={search_term_string}"},"query-input":{"@type":"PropertyValueSpecification","valueRequired":true,"valueName":"search_term_string"}}],"inLanguage":"fr-FR"}]}},"_links":{"self":[{"href":"https:\/\/egytrafo.com\/fr\/wp-json\/wp\/v2\/pages\/6584","targetHints":{"allow":["GET"]}}],"collection":[{"href":"https:\/\/egytrafo.com\/fr\/wp-json\/wp\/v2\/pages"}],"about":[{"href":"https:\/\/egytrafo.com\/fr\/wp-json\/wp\/v2\/types\/page"}],"author":[{"embeddable":true,"href":"https:\/\/egytrafo.com\/fr\/wp-json\/wp\/v2\/users\/6"}],"replies":[{"embeddable":true,"href":"https:\/\/egytrafo.com\/fr\/wp-json\/wp\/v2\/comments?post=6584"}],"version-history":[{"count":35,"href":"https:\/\/egytrafo.com\/fr\/wp-json\/wp\/v2\/pages\/6584\/revisions"}],"predecessor-version":[{"id":12574,"href":"https:\/\/egytrafo.com\/fr\/wp-json\/wp\/v2\/pages\/6584\/revisions\/12574"}],"wp:attachment":[{"href":"https:\/\/egytrafo.com\/fr\/wp-json\/wp\/v2\/media?parent=6584"}],"curies":[{"name":"wp","href":"https:\/\/api.w.org\/{rel}","templated":true}]}}