{"id":6586,"date":"2020-03-29T17:11:23","date_gmt":"2020-03-29T17:11:23","guid":{"rendered":"https:\/\/demos.soluspot.com\/egytrafo\/services-2\/"},"modified":"2024-07-09T12:18:03","modified_gmt":"2024-07-09T12:18:03","slug":"services-apres-vente","status":"publish","type":"page","link":"https:\/\/egytrafo.com\/fr\/services-apres-vente\/","title":{"rendered":"Services Apr\u00e8s-Vente"},"content":{"rendered":"\t\t<div data-elementor-type=\"wp-page\" data-elementor-id=\"6586\" class=\"elementor elementor-6586 elementor-1499\" data-elementor-post-type=\"page\">\n\t\t\t\t\t\t<section class=\"elementor-section elementor-top-section elementor-element elementor-element-2033c7c3 elementor-section-stretched elementor-section-boxed elementor-section-height-default elementor-section-height-default\" data-id=\"2033c7c3\" data-element_type=\"section\" data-e-type=\"section\" data-settings=\"{&quot;stretch_section&quot;:&quot;section-stretched&quot;}\">\n\t\t\t\t\t\t<div class=\"elementor-container elementor-column-gap-no\">\n\t\t\t\t\t<div class=\"elementor-column elementor-col-100 elementor-top-column elementor-element elementor-element-65d90c42\" data-id=\"65d90c42\" data-element_type=\"column\" data-e-type=\"column\">\n\t\t\t<div class=\"elementor-widget-wrap\">\n\t\t\t\t\t\t\t<\/div>\n\t\t<\/div>\n\t\t\t\t\t<\/div>\n\t\t<\/section>\n\t\t\t\t<section class=\"elementor-section elementor-top-section elementor-element elementor-element-83d3d25 elementor-section-boxed elementor-section-height-default elementor-section-height-default\" data-id=\"83d3d25\" data-element_type=\"section\" data-e-type=\"section\" data-settings=\"{&quot;background_background&quot;:&quot;classic&quot;}\">\n\t\t\t\t\t\t\t<div class=\"elementor-background-overlay\"><\/div>\n\t\t\t\t\t\t\t<div class=\"elementor-container elementor-column-gap-default\">\n\t\t\t\t\t<div class=\"elementor-column elementor-col-100 elementor-top-column elementor-element elementor-element-3ba6ca7\" data-id=\"3ba6ca7\" data-element_type=\"column\" data-e-type=\"column\">\n\t\t\t<div class=\"elementor-widget-wrap elementor-element-populated\">\n\t\t\t\t\t\t<section class=\"elementor-section elementor-inner-section elementor-element elementor-element-3b2cfa0 elementor-section-boxed elementor-section-height-default elementor-section-height-default\" data-id=\"3b2cfa0\" data-element_type=\"section\" data-e-type=\"section\">\n\t\t\t\t\t\t<div class=\"elementor-container elementor-column-gap-default\">\n\t\t\t\t\t<div class=\"elementor-column elementor-col-100 elementor-inner-column elementor-element elementor-element-4fe354e\" data-id=\"4fe354e\" data-element_type=\"column\" data-e-type=\"column\">\n\t\t\t<div class=\"elementor-widget-wrap elementor-element-populated\">\n\t\t\t\t\t\t<div class=\"elementor-element elementor-element-0e40ca1 elementor-widget elementor-widget-heading\" data-id=\"0e40ca1\" data-element_type=\"widget\" data-e-type=\"widget\" data-widget_type=\"heading.default\">\n\t\t\t\t<div class=\"elementor-widget-container\">\n\t\t\t\t\t<h2 class=\"elementor-heading-title elementor-size-default\">We are here to answer your inquiries\u200b<\/h2>\t\t\t\t<\/div>\n\t\t\t\t<\/div>\n\t\t\t\t<div class=\"elementor-element elementor-element-9d90eef elementor-widget elementor-widget-heading\" data-id=\"9d90eef\" data-element_type=\"widget\" data-e-type=\"widget\" data-widget_type=\"heading.default\">\n\t\t\t\t<div class=\"elementor-widget-container\">\n\t\t\t\t\t<h2 class=\"elementor-heading-title elementor-size-default\">NEED A CONSULTATION?<\/h2>\t\t\t\t<\/div>\n\t\t\t\t<\/div>\n\t\t\t\t<div class=\"elementor-element elementor-element-4a18815 elementor-align-center elementor-widget elementor-widget-button\" data-id=\"4a18815\" data-element_type=\"widget\" data-e-type=\"widget\" data-widget_type=\"button.default\">\n\t\t\t\t<div class=\"elementor-widget-container\">\n\t\t\t\t\t\t\t\t\t<div class=\"elementor-button-wrapper\">\n\t\t\t\t\t<a class=\"elementor-button elementor-button-link elementor-size-sm\" href=\"#\">\n\t\t\t\t\t\t<span class=\"elementor-button-content-wrapper\">\n\t\t\t\t\t\t\t\t\t<span class=\"elementor-button-text\">CONTACT US<\/span>\n\t\t\t\t\t<\/span>\n\t\t\t\t\t<\/a>\n\t\t\t\t<\/div>\n\t\t\t\t\t\t\t\t<\/div>\n\t\t\t\t<\/div>\n\t\t\t\t\t<\/div>\n\t\t<\/div>\n\t\t\t\t\t<\/div>\n\t\t<\/section>\n\t\t\t\t\t<\/div>\n\t\t<\/div>\n\t\t\t\t\t<\/div>\n\t\t<\/section>\n\t\t\t\t<section class=\"elementor-section elementor-top-section elementor-element elementor-element-8e100ff elementor-section-boxed elementor-section-height-default elementor-section-height-default\" data-id=\"8e100ff\" data-element_type=\"section\" data-e-type=\"section\">\n\t\t\t\t\t\t<div class=\"elementor-container elementor-column-gap-default\">\n\t\t\t\t\t<div class=\"elementor-column elementor-col-100 elementor-top-column elementor-element elementor-element-e859384\" data-id=\"e859384\" data-element_type=\"column\" data-e-type=\"column\">\n\t\t\t<div class=\"elementor-widget-wrap elementor-element-populated\">\n\t\t\t\t\t\t<div class=\"elementor-element elementor-element-8fb561c elementor-widget elementor-widget-spacer\" data-id=\"8fb561c\" data-element_type=\"widget\" data-e-type=\"widget\" data-widget_type=\"spacer.default\">\n\t\t\t\t<div class=\"elementor-widget-container\">\n\t\t\t\t\t\t\t<div class=\"elementor-spacer\">\n\t\t\t<div class=\"elementor-spacer-inner\"><\/div>\n\t\t<\/div>\n\t\t\t\t\t\t<\/div>\n\t\t\t\t<\/div>\n\t\t\t\t\t<\/div>\n\t\t<\/div>\n\t\t\t\t\t<\/div>\n\t\t<\/section>\n\t\t\t\t<\/div>\n\t\t","protected":false},"excerpt":{"rendered":"<p>01 Superviser l&rsquo;installation du transformateur sur les sites des clients 02 Former les clients sur l&rsquo;exploitation et la maintenance des transformateurs 03 Assurer le suivi de l&rsquo;\u00e9tat des transformateurs en fonctionnement sur les sites des clients 04 Fournir les pi\u00e8ces de rechange n\u00e9cessaires en cas de demande 05 Effectuer des [&hellip;]<\/p>\n","protected":false},"author":6,"featured_media":0,"parent":0,"menu_order":0,"comment_status":"closed","ping_status":"closed","template":"elementor_header_footer","meta":{"footnotes":""},"class_list":["post-6586","page","type-page","status-publish","hentry"],"yoast_head":"<!-- This site is optimized with the Yoast SEO plugin v27.1.1 - https:\/\/yoast.com\/product\/yoast-seo-wordpress\/ -->\n<title>Services Apr\u00e8s-Vente - EGYTRAFO - Different Power Vision!<\/title>\n<meta name=\"robots\" content=\"index, follow, max-snippet:-1, max-image-preview:large, max-video-preview:-1\" \/>\n<link rel=\"canonical\" href=\"https:\/\/egytrafo.com\/fr\/services-apres-vente\/\" \/>\n<meta property=\"og:locale\" content=\"fr_FR\" \/>\n<meta property=\"og:type\" content=\"article\" \/>\n<meta property=\"og:title\" content=\"Services Apr\u00e8s-Vente - EGYTRAFO - Different Power Vision!\" \/>\n<meta property=\"og:description\" content=\"01 Superviser l&rsquo;installation du transformateur sur les sites des clients 02 Former les clients sur l&rsquo;exploitation et la maintenance des transformateurs 03 Assurer le suivi de l&rsquo;\u00e9tat des transformateurs en fonctionnement sur les sites des clients 04 Fournir les pi\u00e8ces de rechange n\u00e9cessaires en cas de demande 05 Effectuer des [&hellip;]\" \/>\n<meta property=\"og:url\" content=\"https:\/\/egytrafo.com\/fr\/services-apres-vente\/\" \/>\n<meta property=\"og:site_name\" content=\"EGYTRAFO - Different Power Vision!\" \/>\n<meta property=\"article:modified_time\" content=\"2024-07-09T12:18:03+00:00\" \/>\n<meta property=\"og:image\" content=\"https:\/\/demos.soluspot.com\/egytrafo\/wp-content\/uploads\/2023\/01\/Follow-up-the-status-of-the-transformers-under-operation-at-customers-sites.png\" \/>\n<meta name=\"twitter:card\" content=\"summary_large_image\" \/>\n<meta name=\"twitter:label1\" content=\"Dur\u00e9e de lecture estim\u00e9e\" \/>\n\t<meta name=\"twitter:data1\" content=\"5 minutes\" \/>\n<script type=\"application\/ld+json\" class=\"yoast-schema-graph\">{\"@context\":\"https:\/\/schema.org\",\"@graph\":[{\"@type\":\"WebPage\",\"@id\":\"https:\/\/egytrafo.com\/fr\/services-apres-vente\/\",\"url\":\"https:\/\/egytrafo.com\/fr\/services-apres-vente\/\",\"name\":\"Services Apr\u00e8s-Vente - EGYTRAFO - Different Power Vision!\",\"isPartOf\":{\"@id\":\"https:\/\/egytrafo.com\/#website\"},\"primaryImageOfPage\":{\"@id\":\"https:\/\/egytrafo.com\/fr\/services-apres-vente\/#primaryimage\"},\"image\":{\"@id\":\"https:\/\/egytrafo.com\/fr\/services-apres-vente\/#primaryimage\"},\"thumbnailUrl\":\"https:\/\/demos.soluspot.com\/egytrafo\/wp-content\/uploads\/2023\/01\/Follow-up-the-status-of-the-transformers-under-operation-at-customers-sites.png\",\"datePublished\":\"2020-03-29T17:11:23+00:00\",\"dateModified\":\"2024-07-09T12:18:03+00:00\",\"breadcrumb\":{\"@id\":\"https:\/\/egytrafo.com\/fr\/services-apres-vente\/#breadcrumb\"},\"inLanguage\":\"fr-FR\",\"potentialAction\":[{\"@type\":\"ReadAction\",\"target\":[\"https:\/\/egytrafo.com\/fr\/services-apres-vente\/\"]}]},{\"@type\":\"ImageObject\",\"inLanguage\":\"fr-FR\",\"@id\":\"https:\/\/egytrafo.com\/fr\/services-apres-vente\/#primaryimage\",\"url\":\"https:\/\/demos.soluspot.com\/egytrafo\/wp-content\/uploads\/2023\/01\/Follow-up-the-status-of-the-transformers-under-operation-at-customers-sites.png\",\"contentUrl\":\"https:\/\/demos.soluspot.com\/egytrafo\/wp-content\/uploads\/2023\/01\/Follow-up-the-status-of-the-transformers-under-operation-at-customers-sites.png\"},{\"@type\":\"BreadcrumbList\",\"@id\":\"https:\/\/egytrafo.com\/fr\/services-apres-vente\/#breadcrumb\",\"itemListElement\":[{\"@type\":\"ListItem\",\"position\":1,\"name\":\"Home\",\"item\":\"https:\/\/egytrafo.com\/fr\/\"},{\"@type\":\"ListItem\",\"position\":2,\"name\":\"Services Apr\u00e8s-Vente\"}]},{\"@type\":\"WebSite\",\"@id\":\"https:\/\/egytrafo.com\/#website\",\"url\":\"https:\/\/egytrafo.com\/\",\"name\":\"EGYTRAFO - Different Power Vision!\",\"description\":\"Different Power Vision!\",\"potentialAction\":[{\"@type\":\"SearchAction\",\"target\":{\"@type\":\"EntryPoint\",\"urlTemplate\":\"https:\/\/egytrafo.com\/?s={search_term_string}\"},\"query-input\":{\"@type\":\"PropertyValueSpecification\",\"valueRequired\":true,\"valueName\":\"search_term_string\"}}],\"inLanguage\":\"fr-FR\"}]}<\/script>\n<!-- \/ Yoast SEO plugin. -->","yoast_head_json":{"title":"Services Apr\u00e8s-Vente - EGYTRAFO - Different Power Vision!","robots":{"index":"index","follow":"follow","max-snippet":"max-snippet:-1","max-image-preview":"max-image-preview:large","max-video-preview":"max-video-preview:-1"},"canonical":"https:\/\/egytrafo.com\/fr\/services-apres-vente\/","og_locale":"fr_FR","og_type":"article","og_title":"Services Apr\u00e8s-Vente - EGYTRAFO - Different Power Vision!","og_description":"01 Superviser l&rsquo;installation du transformateur sur les sites des clients 02 Former les clients sur l&rsquo;exploitation et la maintenance des transformateurs 03 Assurer le suivi de l&rsquo;\u00e9tat des transformateurs en fonctionnement sur les sites des clients 04 Fournir les pi\u00e8ces de rechange n\u00e9cessaires en cas de demande 05 Effectuer des [&hellip;]","og_url":"https:\/\/egytrafo.com\/fr\/services-apres-vente\/","og_site_name":"EGYTRAFO - Different Power Vision!","article_modified_time":"2024-07-09T12:18:03+00:00","og_image":[{"url":"https:\/\/demos.soluspot.com\/egytrafo\/wp-content\/uploads\/2023\/01\/Follow-up-the-status-of-the-transformers-under-operation-at-customers-sites.png","type":"","width":"","height":""}],"twitter_card":"summary_large_image","twitter_misc":{"Dur\u00e9e de lecture estim\u00e9e":"5 minutes"},"schema":{"@context":"https:\/\/schema.org","@graph":[{"@type":"WebPage","@id":"https:\/\/egytrafo.com\/fr\/services-apres-vente\/","url":"https:\/\/egytrafo.com\/fr\/services-apres-vente\/","name":"Services Apr\u00e8s-Vente - EGYTRAFO - Different Power Vision!","isPartOf":{"@id":"https:\/\/egytrafo.com\/#website"},"primaryImageOfPage":{"@id":"https:\/\/egytrafo.com\/fr\/services-apres-vente\/#primaryimage"},"image":{"@id":"https:\/\/egytrafo.com\/fr\/services-apres-vente\/#primaryimage"},"thumbnailUrl":"https:\/\/demos.soluspot.com\/egytrafo\/wp-content\/uploads\/2023\/01\/Follow-up-the-status-of-the-transformers-under-operation-at-customers-sites.png","datePublished":"2020-03-29T17:11:23+00:00","dateModified":"2024-07-09T12:18:03+00:00","breadcrumb":{"@id":"https:\/\/egytrafo.com\/fr\/services-apres-vente\/#breadcrumb"},"inLanguage":"fr-FR","potentialAction":[{"@type":"ReadAction","target":["https:\/\/egytrafo.com\/fr\/services-apres-vente\/"]}]},{"@type":"ImageObject","inLanguage":"fr-FR","@id":"https:\/\/egytrafo.com\/fr\/services-apres-vente\/#primaryimage","url":"https:\/\/demos.soluspot.com\/egytrafo\/wp-content\/uploads\/2023\/01\/Follow-up-the-status-of-the-transformers-under-operation-at-customers-sites.png","contentUrl":"https:\/\/demos.soluspot.com\/egytrafo\/wp-content\/uploads\/2023\/01\/Follow-up-the-status-of-the-transformers-under-operation-at-customers-sites.png"},{"@type":"BreadcrumbList","@id":"https:\/\/egytrafo.com\/fr\/services-apres-vente\/#breadcrumb","itemListElement":[{"@type":"ListItem","position":1,"name":"Home","item":"https:\/\/egytrafo.com\/fr\/"},{"@type":"ListItem","position":2,"name":"Services Apr\u00e8s-Vente"}]},{"@type":"WebSite","@id":"https:\/\/egytrafo.com\/#website","url":"https:\/\/egytrafo.com\/","name":"EGYTRAFO - Different Power Vision!","description":"Different Power Vision!","potentialAction":[{"@type":"SearchAction","target":{"@type":"EntryPoint","urlTemplate":"https:\/\/egytrafo.com\/?s={search_term_string}"},"query-input":{"@type":"PropertyValueSpecification","valueRequired":true,"valueName":"search_term_string"}}],"inLanguage":"fr-FR"}]}},"_links":{"self":[{"href":"https:\/\/egytrafo.com\/fr\/wp-json\/wp\/v2\/pages\/6586","targetHints":{"allow":["GET"]}}],"collection":[{"href":"https:\/\/egytrafo.com\/fr\/wp-json\/wp\/v2\/pages"}],"about":[{"href":"https:\/\/egytrafo.com\/fr\/wp-json\/wp\/v2\/types\/page"}],"author":[{"embeddable":true,"href":"https:\/\/egytrafo.com\/fr\/wp-json\/wp\/v2\/users\/6"}],"replies":[{"embeddable":true,"href":"https:\/\/egytrafo.com\/fr\/wp-json\/wp\/v2\/comments?post=6586"}],"version-history":[{"count":7,"href":"https:\/\/egytrafo.com\/fr\/wp-json\/wp\/v2\/pages\/6586\/revisions"}],"predecessor-version":[{"id":8000,"href":"https:\/\/egytrafo.com\/fr\/wp-json\/wp\/v2\/pages\/6586\/revisions\/8000"}],"wp:attachment":[{"href":"https:\/\/egytrafo.com\/fr\/wp-json\/wp\/v2\/media?parent=6586"}],"curies":[{"name":"wp","href":"https:\/\/api.w.org\/{rel}","templated":true}]}}