{"id":6600,"date":"2023-05-09T07:10:44","date_gmt":"2023-05-09T07:10:44","guid":{"rendered":"https:\/\/demos.soluspot.com\/egytrafo\/trafotech\/"},"modified":"2025-02-06T10:42:02","modified_gmt":"2025-02-06T10:42:02","slug":"trafotech","status":"publish","type":"page","link":"https:\/\/egytrafo.com\/fr\/trafotech\/","title":{"rendered":"TRAFOTECH"},"content":{"rendered":"\t\t<div data-elementor-type=\"wp-page\" data-elementor-id=\"6600\" class=\"elementor elementor-6600 elementor-5579\" data-elementor-post-type=\"page\">\n\t\t\t\t\t\t<section class=\"elementor-section elementor-top-section elementor-element elementor-element-31e82332 elementor-section-stretched elementor-section-boxed elementor-section-height-default elementor-section-height-default\" data-id=\"31e82332\" data-element_type=\"section\" data-e-type=\"section\" data-settings=\"{&quot;stretch_section&quot;:&quot;section-stretched&quot;,&quot;background_background&quot;:&quot;classic&quot;}\">\n\t\t\t\t\t\t\t<div class=\"elementor-background-overlay\"><\/div>\n\t\t\t\t\t\t\t<div class=\"elementor-container elementor-column-gap-no\">\n\t\t\t\t\t<div class=\"elementor-column elementor-col-100 elementor-top-column elementor-element elementor-element-798f6e0f\" data-id=\"798f6e0f\" data-element_type=\"column\" data-e-type=\"column\">\n\t\t\t<div class=\"elementor-widget-wrap elementor-element-populated\">\n\t\t\t\t\t\t<section class=\"elementor-section elementor-inner-section elementor-element elementor-element-cad6a7e elementor-section-boxed elementor-section-height-default elementor-section-height-default\" data-id=\"cad6a7e\" data-element_type=\"section\" data-e-type=\"section\">\n\t\t\t\t\t\t<div class=\"elementor-container elementor-column-gap-no\">\n\t\t\t\t\t<div class=\"elementor-column elementor-col-50 elementor-inner-column elementor-element elementor-element-3cdb63c\" data-id=\"3cdb63c\" data-element_type=\"column\" data-e-type=\"column\">\n\t\t\t<div class=\"elementor-widget-wrap elementor-element-populated\">\n\t\t\t\t\t\t<div class=\"elementor-element elementor-element-d2f9f07 elementor-widget elementor-widget-heading\" data-id=\"d2f9f07\" data-element_type=\"widget\" data-e-type=\"widget\" data-widget_type=\"heading.default\">\n\t\t\t\t<div class=\"elementor-widget-container\">\n\t\t\t\t\t<h2 class=\"elementor-heading-title elementor-size-default\">Produits TRAFOTECH<\/h2>\t\t\t\t<\/div>\n\t\t\t\t<\/div>\n\t\t\t\t<div class=\"elementor-element elementor-element-a5c73f4 elementor-widget elementor-widget-text-editor\" data-id=\"a5c73f4\" data-element_type=\"widget\" data-e-type=\"widget\" data-widget_type=\"text-editor.default\">\n\t\t\t\t<div class=\"elementor-widget-container\">\n\t\t\t\t\t\t\t\t\tProduits TRAFOTECH Transformateurs immerg\u00e9s dans l&rsquo;huile jusqu&rsquo;\u00e0 5 MVA, 33 kV, et transformateurs en r\u00e9sine coul\u00e9e \u00e0 sec jusqu&rsquo;\u00e0 3,6 MVA, 33 kV, conform\u00e9ment aux normes IEC. Ligne d\u00e9di\u00e9e \u00e0 la fabrication de postes de transformation en package, comprenant des unit\u00e9s de distribution principale MT, des disjoncteurs BT ainsi que leurs transformateurs (avec une plage de puissance diff\u00e9rente selon les exigences du client).\t\t\t\t\t\t\t\t<\/div>\n\t\t\t\t<\/div>\n\t\t\t\t<div class=\"elementor-element elementor-element-8a1659f elementor-widget elementor-widget-heading\" data-id=\"8a1659f\" data-element_type=\"widget\" data-e-type=\"widget\" data-widget_type=\"heading.default\">\n\t\t\t\t<div class=\"elementor-widget-container\">\n\t\t\t\t\t<h2 class=\"elementor-heading-title elementor-size-default\">Services TRAFOTECH<\/h2>\t\t\t\t<\/div>\n\t\t\t\t<\/div>\n\t\t\t\t<div class=\"elementor-element elementor-element-6942be8 elementor-widget elementor-widget-text-editor\" data-id=\"6942be8\" data-element_type=\"widget\" data-e-type=\"widget\" data-widget_type=\"text-editor.default\">\n\t\t\t\t<div class=\"elementor-widget-container\">\n\t\t\t\t\t\t\t\t\tMaintenance et r\u00e9paration de tous les types de transformateurs, m\u00eame ceux fabriqu\u00e9s par d&rsquo;autres entreprises.\t\t\t\t\t\t\t\t<\/div>\n\t\t\t\t<\/div>\n\t\t\t\t<div class=\"elementor-element elementor-element-c15cd24 elementor-widget elementor-widget-heading\" data-id=\"c15cd24\" data-element_type=\"widget\" data-e-type=\"widget\" data-widget_type=\"heading.default\">\n\t\t\t\t<div class=\"elementor-widget-container\">\n\t\t\t\t\t<h2 class=\"elementor-heading-title elementor-size-default\">Normes<\/h2>\t\t\t\t<\/div>\n\t\t\t\t<\/div>\n\t\t\t\t<div class=\"elementor-element elementor-element-82a8145 elementor-widget elementor-widget-text-editor\" data-id=\"82a8145\" data-element_type=\"widget\" data-e-type=\"widget\" data-widget_type=\"text-editor.default\">\n\t\t\t\t<div class=\"elementor-widget-container\">\n\t\t\t\t\t\t\t\t\t<ul><li>Les produits sont conformes aux normes IEC<\/li><li>Certification KEMA<\/li><\/ul>\t\t\t\t\t\t\t\t<\/div>\n\t\t\t\t<\/div>\n\t\t\t\t\t<\/div>\n\t\t<\/div>\n\t\t\t\t<div class=\"elementor-column elementor-col-50 elementor-inner-column elementor-element elementor-element-a737175\" data-id=\"a737175\" data-element_type=\"column\" data-e-type=\"column\">\n\t\t\t<div class=\"elementor-widget-wrap elementor-element-populated\">\n\t\t\t\t\t\t<div class=\"elementor-element elementor-element-598ccba elementor-widget elementor-widget-image\" data-id=\"598ccba\" data-element_type=\"widget\" data-e-type=\"widget\" data-widget_type=\"image.default\">\n\t\t\t\t<div class=\"elementor-widget-container\">\n\t\t\t\t\t\t\t\t\t\t\t\t\t\t\t<img fetchpriority=\"high\" decoding=\"async\" width=\"707\" height=\"819\" src=\"https:\/\/egytrafo.com\/wp-content\/uploads\/2023\/05\/Trafotech.jpg\" class=\"attachment-full size-full wp-image-5757\" alt=\"TRAFOTECH_EGYTRAFO\" srcset=\"https:\/\/egytrafo.com\/wp-content\/uploads\/2023\/05\/Trafotech.jpg 707w, https:\/\/egytrafo.com\/wp-content\/uploads\/2023\/05\/Trafotech-259x300.jpg 259w\" sizes=\"(max-width: 707px) 100vw, 707px\" \/>\t\t\t\t\t\t\t\t\t\t\t\t\t\t\t<\/div>\n\t\t\t\t<\/div>\n\t\t\t\t\t<\/div>\n\t\t<\/div>\n\t\t\t\t\t<\/div>\n\t\t<\/section>\n\t\t\t\t\t<\/div>\n\t\t<\/div>\n\t\t\t\t\t<\/div>\n\t\t<\/section>\n\t\t\t\t<section class=\"elementor-section elementor-top-section elementor-element elementor-element-e1f1940 elementor-section-boxed elementor-section-height-default elementor-section-height-default\" data-id=\"e1f1940\" data-element_type=\"section\" data-e-type=\"section\">\n\t\t\t\t\t\t<div class=\"elementor-container elementor-column-gap-default\">\n\t\t\t\t\t<div class=\"elementor-column elementor-col-100 elementor-top-column elementor-element elementor-element-9f43350\" data-id=\"9f43350\" data-element_type=\"column\" data-e-type=\"column\">\n\t\t\t<div class=\"elementor-widget-wrap elementor-element-populated\">\n\t\t\t\t\t\t<div class=\"elementor-element elementor-element-514374d elementor-align-center elementor-widget elementor-widget-button\" data-id=\"514374d\" data-element_type=\"widget\" data-e-type=\"widget\" data-widget_type=\"button.default\">\n\t\t\t\t<div class=\"elementor-widget-container\">\n\t\t\t\t\t\t\t\t\t<div class=\"elementor-button-wrapper\">\n\t\t\t\t\t<a class=\"elementor-button elementor-button-link elementor-size-sm\" href=\"https:\/\/egytrafo.com\/fr\/contact-sales\/\">\n\t\t\t\t\t\t<span class=\"elementor-button-content-wrapper\">\n\t\t\t\t\t\t\t\t\t<span class=\"elementor-button-text\">Contact Sales<\/span>\n\t\t\t\t\t<\/span>\n\t\t\t\t\t<\/a>\n\t\t\t\t<\/div>\n\t\t\t\t\t\t\t\t<\/div>\n\t\t\t\t<\/div>\n\t\t\t\t\t<\/div>\n\t\t<\/div>\n\t\t\t\t\t<\/div>\n\t\t<\/section>\n\t\t\t\t<section class=\"elementor-section elementor-top-section elementor-element elementor-element-78f2e0d elementor-section-boxed elementor-section-height-default elementor-section-height-default\" data-id=\"78f2e0d\" data-element_type=\"section\" data-e-type=\"section\">\n\t\t\t\t\t\t<div class=\"elementor-container elementor-column-gap-default\">\n\t\t\t\t\t<div class=\"elementor-column elementor-col-100 elementor-top-column elementor-element elementor-element-cff2721\" data-id=\"cff2721\" data-element_type=\"column\" data-e-type=\"column\">\n\t\t\t<div class=\"elementor-widget-wrap\">\n\t\t\t\t\t\t\t<\/div>\n\t\t<\/div>\n\t\t\t\t\t<\/div>\n\t\t<\/section>\n\t\t\t\t<\/div>\n\t\t","protected":false},"excerpt":{"rendered":"<p>Affiliate of EGYTAFO TRAFOTECH , en \u00c9thiopie, la soci\u00e9t\u00e9 TRAFOTECH a \u00e9t\u00e9 cr\u00e9\u00e9e en 2013. Produits TRAFOTECH Produits TRAFOTECH Transformateurs immerg\u00e9s dans l&rsquo;huile jusqu&rsquo;\u00e0 5 MVA, 33 kV, et transformateurs en r\u00e9sine coul\u00e9e \u00e0 sec jusqu&rsquo;\u00e0 3,6 MVA, 33 kV, conform\u00e9ment aux normes IEC. Ligne d\u00e9di\u00e9e \u00e0 la fabrication de [&hellip;]<\/p>\n","protected":false},"author":6,"featured_media":0,"parent":0,"menu_order":0,"comment_status":"closed","ping_status":"closed","template":"elementor_header_footer","meta":{"footnotes":""},"class_list":["post-6600","page","type-page","status-publish","hentry"],"yoast_head":"<!-- This site is optimized with the Yoast SEO plugin v27.1.1 - https:\/\/yoast.com\/product\/yoast-seo-wordpress\/ -->\n<title>TRAFOTECH - EGYTRAFO - Different Power Vision!<\/title>\n<meta name=\"robots\" content=\"index, follow, max-snippet:-1, max-image-preview:large, max-video-preview:-1\" \/>\n<link rel=\"canonical\" href=\"https:\/\/egytrafo.com\/trafotech\/\" \/>\n<meta property=\"og:locale\" content=\"fr_FR\" \/>\n<meta property=\"og:type\" content=\"article\" \/>\n<meta property=\"og:title\" content=\"TRAFOTECH - EGYTRAFO - Different Power Vision!\" \/>\n<meta property=\"og:description\" content=\"Affiliate of EGYTAFO TRAFOTECH , en \u00c9thiopie, la soci\u00e9t\u00e9 TRAFOTECH a \u00e9t\u00e9 cr\u00e9\u00e9e en 2013. Produits TRAFOTECH Produits TRAFOTECH Transformateurs immerg\u00e9s dans l&rsquo;huile jusqu&rsquo;\u00e0 5 MVA, 33 kV, et transformateurs en r\u00e9sine coul\u00e9e \u00e0 sec jusqu&rsquo;\u00e0 3,6 MVA, 33 kV, conform\u00e9ment aux normes IEC. Ligne d\u00e9di\u00e9e \u00e0 la fabrication de [&hellip;]\" \/>\n<meta property=\"og:url\" content=\"https:\/\/egytrafo.com\/trafotech\/\" \/>\n<meta property=\"og:site_name\" content=\"EGYTRAFO - Different Power Vision!\" \/>\n<meta property=\"article:modified_time\" content=\"2025-02-06T10:42:02+00:00\" \/>\n<meta property=\"og:image\" content=\"https:\/\/egytrafo.com\/wp-content\/uploads\/2023\/05\/Trafotech.jpg\" \/>\n\t<meta property=\"og:image:width\" content=\"707\" \/>\n\t<meta property=\"og:image:height\" content=\"819\" \/>\n\t<meta property=\"og:image:type\" content=\"image\/jpeg\" \/>\n<meta name=\"twitter:card\" content=\"summary_large_image\" \/>\n<meta name=\"twitter:label1\" content=\"Dur\u00e9e de lecture estim\u00e9e\" \/>\n\t<meta name=\"twitter:data1\" content=\"5 minutes\" \/>\n<script type=\"application\/ld+json\" class=\"yoast-schema-graph\">{\"@context\":\"https:\/\/schema.org\",\"@graph\":[{\"@type\":\"WebPage\",\"@id\":\"https:\/\/egytrafo.com\/trafotech\/\",\"url\":\"https:\/\/egytrafo.com\/trafotech\/\",\"name\":\"TRAFOTECH - EGYTRAFO - Different Power Vision!\",\"isPartOf\":{\"@id\":\"https:\/\/egytrafo.com\/#website\"},\"primaryImageOfPage\":{\"@id\":\"https:\/\/egytrafo.com\/trafotech\/#primaryimage\"},\"image\":{\"@id\":\"https:\/\/egytrafo.com\/trafotech\/#primaryimage\"},\"thumbnailUrl\":\"https:\/\/egytrafo.com\/wp-content\/uploads\/2023\/05\/Trafotech.jpg\",\"datePublished\":\"2023-05-09T07:10:44+00:00\",\"dateModified\":\"2025-02-06T10:42:02+00:00\",\"breadcrumb\":{\"@id\":\"https:\/\/egytrafo.com\/trafotech\/#breadcrumb\"},\"inLanguage\":\"fr-FR\",\"potentialAction\":[{\"@type\":\"ReadAction\",\"target\":[\"https:\/\/egytrafo.com\/trafotech\/\"]}]},{\"@type\":\"ImageObject\",\"inLanguage\":\"fr-FR\",\"@id\":\"https:\/\/egytrafo.com\/trafotech\/#primaryimage\",\"url\":\"https:\/\/egytrafo.com\/wp-content\/uploads\/2023\/05\/Trafotech.jpg\",\"contentUrl\":\"https:\/\/egytrafo.com\/wp-content\/uploads\/2023\/05\/Trafotech.jpg\"},{\"@type\":\"BreadcrumbList\",\"@id\":\"https:\/\/egytrafo.com\/trafotech\/#breadcrumb\",\"itemListElement\":[{\"@type\":\"ListItem\",\"position\":1,\"name\":\"Home\",\"item\":\"https:\/\/egytrafo.com\/fr\/\"},{\"@type\":\"ListItem\",\"position\":2,\"name\":\"TRAFOTECH\"}]},{\"@type\":\"WebSite\",\"@id\":\"https:\/\/egytrafo.com\/#website\",\"url\":\"https:\/\/egytrafo.com\/\",\"name\":\"EGYTRAFO - Different Power Vision!\",\"description\":\"Different Power Vision!\",\"potentialAction\":[{\"@type\":\"SearchAction\",\"target\":{\"@type\":\"EntryPoint\",\"urlTemplate\":\"https:\/\/egytrafo.com\/?s={search_term_string}\"},\"query-input\":{\"@type\":\"PropertyValueSpecification\",\"valueRequired\":true,\"valueName\":\"search_term_string\"}}],\"inLanguage\":\"fr-FR\"}]}<\/script>\n<!-- \/ Yoast SEO plugin. -->","yoast_head_json":{"title":"TRAFOTECH - EGYTRAFO - Different Power Vision!","robots":{"index":"index","follow":"follow","max-snippet":"max-snippet:-1","max-image-preview":"max-image-preview:large","max-video-preview":"max-video-preview:-1"},"canonical":"https:\/\/egytrafo.com\/trafotech\/","og_locale":"fr_FR","og_type":"article","og_title":"TRAFOTECH - EGYTRAFO - Different Power Vision!","og_description":"Affiliate of EGYTAFO TRAFOTECH , en \u00c9thiopie, la soci\u00e9t\u00e9 TRAFOTECH a \u00e9t\u00e9 cr\u00e9\u00e9e en 2013. Produits TRAFOTECH Produits TRAFOTECH Transformateurs immerg\u00e9s dans l&rsquo;huile jusqu&rsquo;\u00e0 5 MVA, 33 kV, et transformateurs en r\u00e9sine coul\u00e9e \u00e0 sec jusqu&rsquo;\u00e0 3,6 MVA, 33 kV, conform\u00e9ment aux normes IEC. Ligne d\u00e9di\u00e9e \u00e0 la fabrication de [&hellip;]","og_url":"https:\/\/egytrafo.com\/trafotech\/","og_site_name":"EGYTRAFO - Different Power Vision!","article_modified_time":"2025-02-06T10:42:02+00:00","og_image":[{"width":707,"height":819,"url":"https:\/\/egytrafo.com\/wp-content\/uploads\/2023\/05\/Trafotech.jpg","type":"image\/jpeg"}],"twitter_card":"summary_large_image","twitter_misc":{"Dur\u00e9e de lecture estim\u00e9e":"5 minutes"},"schema":{"@context":"https:\/\/schema.org","@graph":[{"@type":"WebPage","@id":"https:\/\/egytrafo.com\/trafotech\/","url":"https:\/\/egytrafo.com\/trafotech\/","name":"TRAFOTECH - EGYTRAFO - Different Power Vision!","isPartOf":{"@id":"https:\/\/egytrafo.com\/#website"},"primaryImageOfPage":{"@id":"https:\/\/egytrafo.com\/trafotech\/#primaryimage"},"image":{"@id":"https:\/\/egytrafo.com\/trafotech\/#primaryimage"},"thumbnailUrl":"https:\/\/egytrafo.com\/wp-content\/uploads\/2023\/05\/Trafotech.jpg","datePublished":"2023-05-09T07:10:44+00:00","dateModified":"2025-02-06T10:42:02+00:00","breadcrumb":{"@id":"https:\/\/egytrafo.com\/trafotech\/#breadcrumb"},"inLanguage":"fr-FR","potentialAction":[{"@type":"ReadAction","target":["https:\/\/egytrafo.com\/trafotech\/"]}]},{"@type":"ImageObject","inLanguage":"fr-FR","@id":"https:\/\/egytrafo.com\/trafotech\/#primaryimage","url":"https:\/\/egytrafo.com\/wp-content\/uploads\/2023\/05\/Trafotech.jpg","contentUrl":"https:\/\/egytrafo.com\/wp-content\/uploads\/2023\/05\/Trafotech.jpg"},{"@type":"BreadcrumbList","@id":"https:\/\/egytrafo.com\/trafotech\/#breadcrumb","itemListElement":[{"@type":"ListItem","position":1,"name":"Home","item":"https:\/\/egytrafo.com\/fr\/"},{"@type":"ListItem","position":2,"name":"TRAFOTECH"}]},{"@type":"WebSite","@id":"https:\/\/egytrafo.com\/#website","url":"https:\/\/egytrafo.com\/","name":"EGYTRAFO - Different Power Vision!","description":"Different Power Vision!","potentialAction":[{"@type":"SearchAction","target":{"@type":"EntryPoint","urlTemplate":"https:\/\/egytrafo.com\/?s={search_term_string}"},"query-input":{"@type":"PropertyValueSpecification","valueRequired":true,"valueName":"search_term_string"}}],"inLanguage":"fr-FR"}]}},"_links":{"self":[{"href":"https:\/\/egytrafo.com\/fr\/wp-json\/wp\/v2\/pages\/6600","targetHints":{"allow":["GET"]}}],"collection":[{"href":"https:\/\/egytrafo.com\/fr\/wp-json\/wp\/v2\/pages"}],"about":[{"href":"https:\/\/egytrafo.com\/fr\/wp-json\/wp\/v2\/types\/page"}],"author":[{"embeddable":true,"href":"https:\/\/egytrafo.com\/fr\/wp-json\/wp\/v2\/users\/6"}],"replies":[{"embeddable":true,"href":"https:\/\/egytrafo.com\/fr\/wp-json\/wp\/v2\/comments?post=6600"}],"version-history":[{"count":18,"href":"https:\/\/egytrafo.com\/fr\/wp-json\/wp\/v2\/pages\/6600\/revisions"}],"predecessor-version":[{"id":11331,"href":"https:\/\/egytrafo.com\/fr\/wp-json\/wp\/v2\/pages\/6600\/revisions\/11331"}],"wp:attachment":[{"href":"https:\/\/egytrafo.com\/fr\/wp-json\/wp\/v2\/media?parent=6600"}],"curies":[{"name":"wp","href":"https:\/\/api.w.org\/{rel}","templated":true}]}}